{"id":9437,"date":"2020-08-13T10:35:49","date_gmt":"2020-08-13T10:35:49","guid":{"rendered":"http:\/\/localhost\/ecc\/?page_id=9437"},"modified":"2020-12-29T11:19:58","modified_gmt":"2020-12-29T11:19:58","slug":"omv-tunisia","status":"publish","type":"page","link":"https:\/\/ecc-tunisia.com\/fr\/omv-tunisia\/","title":{"rendered":"Project : OMV Tunisia"},"content":{"rendered":"<div class=\"vc-custom-col-spacing clearfix vc-col-spacing-30\"><section id=\"first-row\" class=\"wpb_row vc_row-fluid vc_custom_1597302934124 vc_row-has-fill\"><div class=\"bauer-container\"><div class=\"row-inner clearfix\"><div class=\"wpb_column vc_column_container vc_col-sm-12\"><div class=\"vc_column-inner\"><div class=\"wpb_wrapper\"><div class=\"bauer-content-box clearfix\" ><div class=\"vc-custom-col-inner-spacing clearfix vc-col-inner-spacing-30\"><div class=\"wpb_row vc_inner vc_row-fluid\"><div class=\"wpb_column vc_column_container vc_col-sm-8\"><div class=\"vc_column-inner vc_custom_1597304601648\"><div class=\"wpb_wrapper\"><div class=\"bauer-headings clearfix\"  style=\"\"><h2 class=\"heading clearfix\" style=\"\">\n\t\tProject : OMV Tunisia\n\t<\/h2><\/div>\n\t<div class=\"bauer-spacer clearfix\" data-desktop=\"45\" data-mobi=\"45\" data-smobi=\"45\"><\/div><div class=\"bauer-images-carousel  arrow-center has-borders has-arrows\" data-auto=\"true\" data-loop=\"true\" data-gap=\"0\" data-column=\"1\" data-column2=\"1\" data-column3=\"1\">\n        <div class=\"owl-carousel owl-theme\"><div class=\"item-wrap\"><img src=\"https:\/\/ecc-tunisia.com\/wp-content\/uploads\/2020\/08\/project-single2.jpg\" alt=\"Image\"><\/div><div class=\"item-wrap\"><img src=\"https:\/\/ecc-tunisia.com\/wp-content\/uploads\/2020\/08\/project-single1.jpg\" alt=\"Image\"><\/div><\/div><\/div><\/div><\/div><\/div><div class=\"wpb_column vc_column_container vc_col-sm-4\"><div class=\"vc_column-inner\"><div class=\"wpb_wrapper\">\n\t<div class=\"bauer-spacer clearfix\" data-desktop=\"150\" data-mobi=\"10\" data-smobi=\"10\"><\/div><div class=\"bauer-icon-box clearfix icon-left align-left  simple\" style=\"background-color:#ffffff;padding:22px 25px 22px 25px;border-radius:5px;border:1px solid #e7e7e7;\" ><div class=\"wrap-inner\" style=\"position: relative;\"> <div class=\"desc\" style=\"padding-left:10px;color:#1e73be;\"><ul>\n<li><strong>Date :<\/strong> 2019 &#8211; 2020<\/li>\n<li><strong>Client : <\/strong>ENI Tunisia BV<\/li>\n<li><strong>Location :\u00a0<\/strong> South of Tunisia:<br \/>\n&#8211; Oued Zar Concession<br \/>\n&#8211; Djebel Grouz Concession<br \/>\n&#8211; ADAM Concession<br \/>\n&#8211; Gaz Station of El Borma<br \/>\n&#8211; Right of way of Gazoduc 16&#8243; Oued Zar-El Borma<\/li>\n<li><strong>Scope of Works :<\/strong><br \/>\nContract N\u00b0 CTR 501402<br \/>\nCivil works and various services in desert areas<\/li>\n<\/ul>\n<\/div> <\/div><\/div><\/div><\/div><\/div><\/div><\/div><\/div><\/div><\/div><\/div><\/div><\/div><\/section><\/div><div class=\"vc-custom-col-spacing clearfix vc-col-spacing-30\"><section class=\"wpb_row vc_row-fluid vc_custom_1597315847190 vc_row-has-fill\"><div class=\"bauer-container\"><div class=\"row-inner clearfix\"><div class=\"wpb_column vc_column_container vc_col-sm-12\"><div class=\"vc_column-inner\"><div class=\"wpb_wrapper\">\n\t<div class=\"bauer-spacer clearfix\" data-desktop=\"94\" data-mobi=\"60\" data-smobi=\"60\"><\/div><div class=\"bauer-content-box clearfix\" ><div class=\"vc-custom-col-inner-spacing clearfix vc-col-inner-spacing-30\"><div class=\"wpb_row vc_inner vc_row-fluid\"><div class=\"wpb_column vc_column_container vc_col-sm-8\"><div class=\"vc_column-inner\"><div class=\"wpb_wrapper\"><div class=\"bauer-headings clearfix\"  style=\"\"><h2 class=\"heading clearfix\" style=\"\">\n\t\tRelated Projects\n\t<\/h2><\/div><\/div><\/div><\/div><div class=\"wpb_column vc_column_container vc_col-sm-4\"><div class=\"vc_column-inner\"><div class=\"wpb_wrapper\"><div class=\"button-wrap icon-right\" style=\"display: block; text-align: center;\" ><a href=\"https:\/\/ninzio.com\/bauer\/portfolio\/\" target=\"_self\" class=\"bauer-button btn-585044023 medium no_icon custom outline solid custom\" style=\"display: block; text-align: center;border-radius:30px;border-width:1px;\"  data-background=\"\" data-border=\"#777777\" data-text=\"#777777\" data-text-hover=\"#ffffff\" data-background-hover=\"#1e73be\">\n\t\t<span style=\"\">View All <\/span>\n\t<\/a><\/div><\/div><\/div><\/div><\/div><\/div><\/div><div class=\"bauer-content-box clearfix\" ><div class=\"vc-custom-col-inner-spacing clearfix vc-col-inner-spacing-30\"><div class=\"wpb_row vc_inner vc_row-fluid\"><div class=\"wpb_column vc_column_container vc_col-sm-12\"><div class=\"vc_column-inner\"><div class=\"wpb_wrapper\">\n\t<div class=\"bauer-spacer clearfix\" data-desktop=\"50\" data-mobi=\"60\" data-smobi=\"60\"><\/div><\/div><\/div><\/div><\/div><\/div><\/div><div class=\"bauer-content-box clearfix\" ><div class=\"vc-custom-col-inner-spacing clearfix vc-col-inner-spacing-30\"><div class=\"wpb_row vc_inner vc_row-fluid\"><div class=\"wpb_column vc_column_container vc_col-sm-4\"><div class=\"vc_column-inner\"><div class=\"wpb_wrapper\"><div class=\"bauer-content-box clearfix\" data-padding=\"17px 15px 17px 15px\" data-mobipadding=\"17px 15px 17px 15px\" data-margin=\"\" data-mobimargin=\"\" >\n\t\t<div class=\"inner ctb-1036075148\" style=\"\"  data-background=\"#ffffff\" data-shadow-hover=\" 0px 0px 20px 0px rgba(0,0,0,0.07)\">\n\t\t\t<div class=\"bauer-image-box clearfix style-1 text-center\" style=\"\" >\n        <div class=\"item\">\n            <div class=\"inner\">\n                <div class=\"thumb\" style=\"\"><img width=\"221\" height=\"211\" src=\"https:\/\/ecc-tunisia.com\/wp-content\/uploads\/2019\/05\/alt-project1-e1602922977688.jpg\" class=\"attachment-full size-full\" alt=\"\" decoding=\"async\" loading=\"lazy\" \/> <div class=\"hover-layer\"><a href=\"https:\/\/ninzio.com\/bauer\/project\/industrial-project-7\/\" class=\"icon\"><span class=\"elegant-icon_plus_alt\"><\/span><\/a><\/div><\/div>\n                <div class=\"text-wrap\" style=\" padding:30px 30px 12px;\">\n                    <h3 class=\"title\" style=\"font-size:18px;color:#414042;\">\n            <a href=\"https:\/\/ninzio.com\/bauer\/project\/industrial-project-7\/\">\n                Industrial\n            <\/a>\n        <\/h3>  \n                <\/div>\n                \n            <\/div>\n        <\/div>\n    <\/div>\n\t\t<\/div>\n\t<\/div>\n\t<div class=\"bauer-spacer clearfix\" data-desktop=\"30\" data-mobi=\"30\" data-smobi=\"30\"><\/div><\/div><\/div><\/div><div class=\"wpb_column vc_column_container vc_col-sm-4\"><div class=\"vc_column-inner\"><div class=\"wpb_wrapper\"><div class=\"bauer-content-box clearfix\" data-padding=\"17px 15px 17px 15px\" data-mobipadding=\"17px 15px 17px 15px\" data-margin=\"\" data-mobimargin=\"\" >\n\t\t<div class=\"inner ctb-1135020399\" style=\"\"  data-background=\"#ffffff\" data-shadow-hover=\" 0px 0px 20px 0px rgba(0,0,0,0.07)\">\n\t\t\t<div class=\"bauer-image-box clearfix style-1 text-center\" style=\"\" >\n        <div class=\"item\">\n            <div class=\"inner\">\n                <div class=\"thumb\" style=\"\"><img width=\"450\" height=\"464\" src=\"https:\/\/ecc-tunisia.com\/wp-content\/uploads\/2019\/05\/alt-project2.jpg\" class=\"attachment-full size-full\" alt=\"\" decoding=\"async\" loading=\"lazy\" srcset=\"https:\/\/ecc-tunisia.com\/wp-content\/uploads\/2019\/05\/alt-project2.jpg 450w, https:\/\/ecc-tunisia.com\/wp-content\/uploads\/2019\/05\/alt-project2-291x300.jpg 291w\" sizes=\"(max-width: 450px) 100vw, 450px\" \/> <div class=\"hover-layer\"><a href=\"https:\/\/ninzio.com\/bauer\/project\/industrial-project-6\/\" class=\"icon\"><span class=\"elegant-icon_plus_alt\"><\/span><\/a><\/div><\/div>\n                <div class=\"text-wrap\" style=\" padding:30px 30px 12px;\">\n                    <h3 class=\"title\" style=\"font-size:18px;color:#414042;\">\n            <a href=\"https:\/\/ninzio.com\/bauer\/project\/industrial-project-6\/\">\n                Construction\n            <\/a>\n        <\/h3>  \n                <\/div>\n                \n            <\/div>\n        <\/div>\n    <\/div>\n\t\t<\/div>\n\t<\/div>\n\t<div class=\"bauer-spacer clearfix\" data-desktop=\"30\" data-mobi=\"30\" data-smobi=\"30\"><\/div><\/div><\/div><\/div><div class=\"wpb_column vc_column_container vc_col-sm-4\"><div class=\"vc_column-inner\"><div class=\"wpb_wrapper\"><div class=\"bauer-content-box clearfix\" data-padding=\"17px 15px 17px 15px\" data-mobipadding=\"17px 15px 17px 15px\" data-margin=\"\" data-mobimargin=\"\" >\n\t\t<div class=\"inner ctb-465611660\" style=\"\"  data-background=\"#ffffff\" data-shadow-hover=\" 0px 0px 20px 0px rgba(0,0,0,0.07)\">\n\t\t\t<div class=\"bauer-image-box clearfix style-1 text-center\" style=\"\" >\n        <div class=\"item\">\n            <div class=\"inner\">\n                <div class=\"thumb\" style=\"\"><img width=\"450\" height=\"464\" src=\"https:\/\/ecc-tunisia.com\/wp-content\/uploads\/2019\/05\/alt-project3.jpg\" class=\"attachment-full size-full\" alt=\"\" decoding=\"async\" loading=\"lazy\" srcset=\"https:\/\/ecc-tunisia.com\/wp-content\/uploads\/2019\/05\/alt-project3.jpg 450w, https:\/\/ecc-tunisia.com\/wp-content\/uploads\/2019\/05\/alt-project3-291x300.jpg 291w\" sizes=\"(max-width: 450px) 100vw, 450px\" \/> <div class=\"hover-layer\"><a href=\"https:\/\/ninzio.com\/bauer\/project\/industrial-project-5\/\" class=\"icon\"><span class=\"elegant-icon_plus_alt\"><\/span><\/a><\/div><\/div>\n                <div class=\"text-wrap\" style=\" padding:30px 30px 12px;\">\n                    <h3 class=\"title\" style=\"font-size:18px;color:#414042;\">\n            <a href=\"https:\/\/ninzio.com\/bauer\/project\/industrial-project-5\/\">\n                Carpentry\n            <\/a>\n        <\/h3>  \n                <\/div>\n                \n            <\/div>\n        <\/div>\n    <\/div>\n\t\t<\/div>\n\t<\/div>\n\t<div class=\"bauer-spacer clearfix\" data-desktop=\"30\" data-mobi=\"30\" data-smobi=\"30\"><\/div><\/div><\/div><\/div><\/div><\/div><\/div>\n\t<div class=\"bauer-spacer clearfix\" data-desktop=\"100\" data-mobi=\"60\" data-smobi=\"60\"><\/div><\/div><\/div><\/div><\/div><\/div><\/section><\/div><div class=\"vc-custom-col-spacing clearfix vc-col-spacing-30\"><section class=\"wpb_row vc_row-fluid vc_custom_1558796508444 vc_row-has-fill\"><div class=\"bauer-container\"><div class=\"row-inner clearfix\"><div class=\"wpb_column vc_column_container vc_col-sm-12\"><div class=\"vc_column-inner\"><div class=\"wpb_wrapper\">\n\t<div class=\"bauer-spacer clearfix\" data-desktop=\"100\" data-mobi=\"60\" data-smobi=\"60\"><\/div><div class=\"bauer-content-box clearfix\" ><div class=\"vc-custom-col-inner-spacing clearfix vc-col-inner-spacing-100\"><div class=\"wpb_row vc_inner vc_row-fluid\"><div class=\"wpb_column vc_column_container vc_col-sm-6\"><div class=\"vc_column-inner\"><div class=\"wpb_wrapper\"><div class=\"bauer-content-box clearfix\" data-padding=\"47px 50px 94px 50px\" data-mobipadding=\"40px\" data-margin=\"\" data-mobimargin=\"\" >\n\t\t<div class=\"inner ctb-1045359514\" style=\"\"  data-background=\"rgba(3,15,39,0.6)\" data-rounded=\"5px\" data-border-color=\"rgba(231,231,231,0.3)\" data-border-width=\"1px\">\n\t\t\t<h2 class=\"bauer-text clearfix\" style=\"font-size:42px;color:#f2f2f2;margin-bottom:8px;\"><p><span class=\"font-weight-300\">Prenez<\/span> contact avec nous<\/p>\n<\/h2><div class=\"bauer-text clearfix\" style=\"color:#f2f2f2;margin-bottom:25px;\"><p>Si vous avez des questions ou des id\u00e9es \u00e0 partager, envoyez un message. Pour toute information plus sp\u00e9cifique, veuillez utiliser l'une des adresses ci-dessous.<\/p>\n<\/div><div class=\"bauer-grid-box clearfix grid2 border-light v-30 h-25 no-borders\" data-grid=\"2\" >\n\t\t<div class=\"bauer-text clearfix\" style=\"color:#f2f2f2;\"><p><span class=\"font-weight-500 text-white\">Engineering &amp; Construction Company<br \/>\n<\/span><br \/>\n<span style=\"color: #8a99c0;\">4, Rue Sophonisbe Notre Dame 1002 Tunis, Tunisia<\/span><br \/>\n<span class=\"fas fa-map-marker-alt text-accent-color\" style=\"padding-right: 3px;\"><\/span> <span class=\"text-accent-color font-weight-600\"><\/span><\/p>\n<\/div><div class=\"bauer-text clearfix\" style=\"color:#f2f2f2;\"><p><span>Phone : + 216 71 79 38 18<\/span><br \/>\n<span>Fax\u00a0 \u00a0 \u00a0 : + 216 71 79 38 14<\/span><\/p>\n<\/div><div class=\"bauer-text clearfix\" style=\"color:#f2f2f2;\"><p><span class=\"font-weight-500 text-white\">Notre Email<\/span><br \/>\n<span class=\"fas fa-envelope text-accent-color\" style=\"padding-right: 5px;\"><\/span> <span class=\"font-weight-600 text-accent-color\">ecc@gnet.tn<br \/>\n<\/span><\/p>\n<\/div>\n\n\t<\/div>\n\t\t<\/div>\n\t<\/div>\n\t<div class=\"bauer-spacer clearfix\" data-desktop=\"0\" data-mobi=\"40\" data-smobi=\"40\"><\/div><\/div><\/div><\/div><div class=\"wpb_column vc_column_container vc_col-sm-6\"><div class=\"vc_column-inner\"><div class=\"wpb_wrapper\"><div class=\"bauer-content-box clearfix\" data-padding=\"53px 35px 60px 35px\" data-mobipadding=\"50px 35px 50px 35px\" data-margin=\"\" data-mobimargin=\"\" >\n\t\t<div class=\"inner ctb-1364776144\" style=\"\"  data-background=\"#f7f9fa\" data-rounded=\"5px\" data-border-width=\"1px\">\n\t\t\t<div class=\"bauer-headings clearfix text-center\" data-font=\"22\" style=\"\"><h2 class=\"heading clearfix\" style=\"margin-bottom:15px;font-size:22px;\">\n\t\tParlons de votre projet\n\t<\/h2><p class=\"sub-heading clearfix\" style=\"font-style:normal;max-width:400px;margin-left: auto; margin-right: auto;\">\n\t\tUne fois que nous aurons obtenu certaines informations de votre part, nous organiserons une r\u00e9union pour discuter de votre projet plus en d\u00e9tail.\n\t<\/p><\/div>\n\t<div class=\"bauer-spacer clearfix\" data-desktop=\"32\" data-mobi=\"32\" data-smobi=\"32\"><\/div>\n<div class=\"wpcf7 no-js\" id=\"wpcf7-f4437-o1\" lang=\"en-US\" dir=\"ltr\">\n<div class=\"screen-reader-response\"><p role=\"status\" aria-live=\"polite\" aria-atomic=\"true\"><\/p> <ul><\/ul><\/div>\n<form action=\"\/fr\/wp-json\/wp\/v2\/pages\/9437#wpcf7-f4437-o1\" method=\"post\" class=\"wpcf7-form init\" aria-label=\"Contact form\" novalidate=\"novalidate\" data-status=\"init\" data-trp-original-action=\"\/fr\/wp-json\/wp\/v2\/pages\/9437#wpcf7-f4437-o1\">\n<div style=\"display: none;\">\n<input type=\"hidden\" name=\"_wpcf7\" value=\"4437\" \/>\n<input type=\"hidden\" name=\"_wpcf7_version\" value=\"5.7.7\" \/>\n<input type=\"hidden\" name=\"_wpcf7_locale\" value=\"en_US\" \/>\n<input type=\"hidden\" name=\"_wpcf7_unit_tag\" value=\"wpcf7-f4437-o1\" \/>\n<input type=\"hidden\" name=\"_wpcf7_container_post\" value=\"0\" \/>\n<input type=\"hidden\" name=\"_wpcf7_posted_data_hash\" value=\"\" \/>\n<\/div>\n<div class=\"cf7-style-1\">\n\t<div class=\"name-wrap\">\n\t\t<p><span class=\"wpcf7-form-control-wrap\" data-name=\"your-name\"><input size=\"40\" class=\"wpcf7-form-control wpcf7-text wpcf7-validates-as-required\" aria-required=\"true\" aria-invalid=\"false\" placeholder=\"Nom\" value=\"\" type=\"text\" name=\"your-name\" \/><\/span>\n\t\t<\/p>\n\t<\/div>\n\t<div class=\"email-wrap\">\n\t\t<p><span class=\"wpcf7-form-control-wrap\" data-name=\"your-email\"><input size=\"40\" class=\"wpcf7-form-control wpcf7-text wpcf7-email wpcf7-validates-as-required wpcf7-validates-as-email\" aria-required=\"true\" aria-invalid=\"false\" placeholder=\"Email\" value=\"\" type=\"email\" name=\"your-email\" \/><\/span>\n\t\t<\/p>\n\t<\/div>\n\t<div class=\"message-wrap\">\n\t\t<p><span class=\"wpcf7-form-control-wrap\" data-name=\"your-message\"><textarea cols=\"40\" rows=\"10\" class=\"wpcf7-form-control wpcf7-textarea\" aria-invalid=\"false\" placeholder=\"Massage\" name=\"your-message\"><\/textarea><\/span>\n\t\t<\/p>\n\t<\/div>\n\t<div class=\"submit-wrap\">\n\t\t<p><span><input class=\"wpcf7-form-control has-spinner wpcf7-submit\" type=\"submit\" value=\"SOUMETTRE\" \/><\/span>\n\t\t<\/p>\n\t<\/div>\n<\/div><div class=\"wpcf7-response-output\" aria-hidden=\"true\"><\/div>\n<input type=\"hidden\" name=\"trp-form-language\" value=\"fr\"\/><\/form>\n<\/div>\n\n\t\t<\/div>\n\t<\/div><\/div><\/div><\/div><\/div><\/div><\/div>\n\t<div class=\"bauer-spacer clearfix\" data-desktop=\"100\" data-mobi=\"60\" data-smobi=\"60\"><\/div><\/div><\/div><\/div><\/div><\/div><\/section><\/div>","protected":false},"excerpt":{"rendered":"Project : OMV Tunisia Date : 2019 - 2020 Client : ENI Tunisia BV Location :\u00a0 South of Tunisia: - Oued Zar Concession - Djebel Grouz Concession - ADAM Concession - Gaz Station of El Borma - Right of way of Gazoduc 16\" Oued Zar-El Borma Scope of Works :","protected":false},"author":1,"featured_media":0,"parent":0,"menu_order":0,"comment_status":"closed","ping_status":"closed","template":"","meta":[],"_links":{"self":[{"href":"https:\/\/ecc-tunisia.com\/fr\/wp-json\/wp\/v2\/pages\/9437"}],"collection":[{"href":"https:\/\/ecc-tunisia.com\/fr\/wp-json\/wp\/v2\/pages"}],"about":[{"href":"https:\/\/ecc-tunisia.com\/fr\/wp-json\/wp\/v2\/types\/page"}],"author":[{"embeddable":true,"href":"https:\/\/ecc-tunisia.com\/fr\/wp-json\/wp\/v2\/users\/1"}],"replies":[{"embeddable":true,"href":"https:\/\/ecc-tunisia.com\/fr\/wp-json\/wp\/v2\/comments?post=9437"}],"version-history":[{"count":27,"href":"https:\/\/ecc-tunisia.com\/fr\/wp-json\/wp\/v2\/pages\/9437\/revisions"}],"predecessor-version":[{"id":9595,"href":"https:\/\/ecc-tunisia.com\/fr\/wp-json\/wp\/v2\/pages\/9437\/revisions\/9595"}],"wp:attachment":[{"href":"https:\/\/ecc-tunisia.com\/fr\/wp-json\/wp\/v2\/media?parent=9437"}],"curies":[{"name":"wp","href":"https:\/\/api.w.org\/{rel}","templated":true}]}}