{"id":9399,"date":"2020-08-13T06:23:59","date_gmt":"2020-08-13T06:23:59","guid":{"rendered":"http:\/\/localhost\/ecc\/?page_id=9399"},"modified":"2021-03-05T13:59:53","modified_gmt":"2021-03-05T13:59:53","slug":"our-services","status":"publish","type":"page","link":"https:\/\/ecc-tunisia.com\/fr\/our-services\/","title":{"rendered":"Nos services"},"content":{"rendered":"<div class=\"vc-custom-col-spacing clearfix vc-col-spacing-30\"><section class=\"wpb_row vc_row-fluid vc_custom_1559181892101 vc_row-has-fill\"><div class=\"bauer-container\"><div class=\"row-inner clearfix\"><div class=\"wpb_column vc_column_container vc_col-sm-12\"><div class=\"vc_column-inner\"><div class=\"wpb_wrapper\">\n\t<div class=\"bauer-spacer clearfix\" data-desktop=\"50\" data-mobi=\"60\" data-smobi=\"60\"><\/div><h2 class=\"bauer-text clearfix text-center\" style=\"font-size:42px;line-height:50px;margin-bottom:30px;max-width:730px;margin-left: auto; margin-right: auto;\"><p><span class=\"font-weight-300\">Des services <\/span> fiables<\/p>\n<\/h2><div class=\"bauer-text clearfix text-center\" style=\"font-size:18px;line-height:30px;color:#414042;max-width:730px;margin-left: auto; margin-right: auto;\"><p>Nos programmes de gestion visent \u00e0 prot\u00e9ger les employ\u00e9s et les dirigeants, \u00e0 promouvoir leurs besoins, leurs services et \u00e0 garantir les r\u00e8gles des clients et l'acc\u00e8s aux services.<\/p>\n<\/div>\n\t<div class=\"bauer-spacer clearfix\" data-desktop=\"20\" data-mobi=\"60\" data-smobi=\"60\"><\/div><\/div><\/div><\/div><\/div><\/div><\/section><\/div><div class=\"vc-custom-col-spacing clearfix vc-col-spacing-30\"><section id=\"first-row\" class=\"wpb_row vc_row-fluid vc_custom_1597302934124 vc_row-has-fill\"><div class=\"bauer-container\"><div class=\"row-inner clearfix\"><div class=\"wpb_column vc_column_container vc_col-sm-12\"><div class=\"vc_column-inner\"><div class=\"wpb_wrapper\"><div class=\"bauer-content-box clearfix\" ><div class=\"vc-custom-col-inner-spacing clearfix vc-col-inner-spacing-30\"><div class=\"wpb_row vc_inner vc_row-fluid\"><div class=\"wpb_column vc_column_container vc_col-sm-6\"><div class=\"vc_column-inner vc_custom_1597304601648\"><div class=\"wpb_wrapper\"><div class=\"bauer-images-carousel  arrow-bottom has-borders has-arrows\" data-auto=\"true\" data-loop=\"true\" data-gap=\"0\" data-column=\"1\" data-column2=\"1\" data-column3=\"1\">\n        <div class=\"owl-carousel owl-theme\"><div class=\"item-wrap\"><img src=\"https:\/\/ecc-tunisia.com\/wp-content\/uploads\/2020\/10\/BeFunky-collage2.jpg\" alt=\"Image\"><\/div><div class=\"item-wrap\"><img src=\"https:\/\/ecc-tunisia.com\/wp-content\/uploads\/2020\/10\/BeFunky-collage1.jpg\" alt=\"Image\"><\/div><div class=\"item-wrap\"><img src=\"https:\/\/ecc-tunisia.com\/wp-content\/uploads\/2021\/03\/road001-comp.jpg\" alt=\"Image\"><\/div><\/div><\/div><\/div><\/div><\/div><div class=\"wpb_column vc_column_container vc_col-sm-6\"><div class=\"vc_column-inner\"><div class=\"wpb_wrapper\">\n\t<div class=\"bauer-spacer clearfix\" data-desktop=\"45\" data-mobi=\"45\" data-smobi=\"45\"><\/div><h2 class=\"bauer-text clearfix\" style=\"font-size:30px;line-height:50px;margin-bottom:25px;\"><p><span class=\"font-weight-600\">Roads and <span class=\"font-weight-600\">Routes &amp; Am\u00e9nagement, Voiries et R\u00e9seaux Divers (VRD)<\/span> <\/span><\/p>\n<\/h2><div class=\"bauer-text clearfix\" style=\"font-size:18px;line-height:30px;color:#414042;margin-bottom:20px;\"><p>ECC a assur\u00e9 la r\u00e9alisation de plusieurs kilom\u00e8tres de routes, ainsi que la r\u00e9habilitation et la r\u00e9novation de plusieurs routes et pistes agricoles.<\/p>\n<\/div><div class=\"bauer-single-heading clearfix\" style=\"margin-bottom:25px;\"><span class=\"inner\"><span class=\"heading clearfix  accent\" style=\"font-weight:600;font-size:16px;\">\n\t\tQUELQUES R\u00c9F\u00c9RENCES\n\t<\/span><\/span><\/div><div class=\"bauer-grid-box clearfix grid2 border-light v-5 h-5 no-borders\" data-grid=\"2\" >\n\t\t<div class=\"bauer-icon-box clearfix icon-left align-left  simple\" style=\"background-color:#ffffff;padding:22px 25px 22px 25px;border-radius:5px;border:1px solid #e7e7e7;\" ><div class=\"wrap-inner\" style=\"position: relative;\"><div class=\"bauer-icon icon-1739375064 custom accent-bg\"  data-icon=\"#ffffff\">\n\t\t\t\t<span class=\"icon\" style=\"font-size:18px;width:42px;height:42px;border-style:solid;border-radius:21px;line-height:44px; box-shadow: 0px 0px 0px 4px rgba(243,92,39,0.2)\"><i class=\"elegant-icon_check_alt2\"><\/i><\/span>\n\t\t\t<\/div> <h6 class=\"heading\" style=\"padding-left:59px;font-size:15px;line-height:20px;\">\n\t\t\t<span>Travaux d\u2019am\u00e9nagement et rev\u00eatement de 17 km de la piste agricole ROUAGE \u2013 MAMIA TOUI<br \/>\nROUAGE \u2013 MAMIA TOUI .<\/span>\n\t\t<\/h6> <\/div><\/div><div class=\"bauer-icon-box clearfix icon-left align-left  simple\" style=\"background-color:#ffffff;padding:22px 25px 22px 25px;border-radius:5px;border:1px solid #e7e7e7;\" ><div class=\"wrap-inner\" style=\"position: relative;\"><div class=\"bauer-icon icon-2108015648 custom accent-bg\"  data-icon=\"#ffffff\">\n\t\t\t\t<span class=\"icon\" style=\"font-size:18px;width:42px;height:42px;border-style:solid;border-radius:21px;line-height:44px; box-shadow: 0px 0px 0px 4px rgba(243,92,39,0.2)\"><i class=\"elegant-icon_check_alt2\"><\/i><\/span>\n\t\t\t<\/div> <h6 class=\"heading\" style=\"padding-left:59px;font-size:15px;line-height:20px;\">\n\t\t\t<span>Travaux de rev\u00eatement des routes et des pistes dans le gouvernerat Medenine Programme 2016 (Lot n\u00b03)<\/span>\n\t\t<\/h6> <\/div><\/div><div class=\"bauer-icon-box clearfix icon-left align-left  simple\" style=\"background-color:#ffffff;padding:22px 25px 22px 25px;border-radius:5px;border:1px solid #e7e7e7;\" ><div class=\"wrap-inner\" style=\"position: relative;\"><div class=\"bauer-icon icon-318974833 custom accent-bg\"  data-icon=\"#ffffff\">\n\t\t\t\t<span class=\"icon\" style=\"font-size:18px;width:42px;height:42px;border-style:solid;border-radius:21px;line-height:44px; box-shadow: 0px 0px 0px 4px rgba(243,92,39,0.2)\"><i class=\"elegant-icon_check_alt2\"><\/i><\/span>\n\t\t\t<\/div> <h6 class=\"heading\" style=\"padding-left:59px;font-size:15px;line-height:20px;\">\n\t\t\t<span>Travaux d\u2019am\u00e9nagement et rev\u00eatement des routes et pistes Dhiba Lot 4<\/span>\n\t\t<\/h6> <\/div><\/div><div class=\"bauer-icon-box clearfix icon-left align-left  simple\" style=\"background-color:#ffffff;padding:22px 25px 22px 25px;border-radius:5px;border:1px solid #e7e7e7;\" ><div class=\"wrap-inner\" style=\"position: relative;\"><div class=\"bauer-icon icon-1989072049 custom accent-bg\"  data-icon=\"#ffffff\">\n\t\t\t\t<span class=\"icon\" style=\"font-size:18px;width:42px;height:42px;border-style:solid;border-radius:21px;line-height:44px; box-shadow: 0px 0px 0px 4px rgba(243,92,39,0.2)\"><i class=\"elegant-icon_check_alt2\"><\/i><\/span>\n\t\t\t<\/div> <h6 class=\"heading\" style=\"padding-left:59px;font-size:15px;line-height:20px;\">\n\t\t\t<span>Travaux d\u2019am\u00e9nagement et rev\u00eatement des routes et pistes Dhiba Lot 4<br \/>\nUpgrading cities roads DHIBA LOT 6<\/span>\n\t\t<\/h6> <\/div><\/div><div class=\"bauer-icon-box clearfix icon-left align-left  simple\" style=\"background-color:#ffffff;padding:22px 25px 22px 25px;border-radius:5px;border:1px solid #e7e7e7;\" ><div class=\"wrap-inner\" style=\"position: relative;\"><div class=\"bauer-icon icon-1848989399 custom accent-bg\"  data-icon=\"#ffffff\">\n\t\t\t\t<span class=\"icon\" style=\"font-size:18px;width:42px;height:42px;border-style:solid;border-radius:21px;line-height:44px; box-shadow: 0px 0px 0px 4px rgba(243,92,39,0.2)\"><i class=\"elegant-icon_check_alt2\"><\/i><\/span>\n\t\t\t<\/div> <h6 class=\"heading\" style=\"padding-left:59px;font-size:15px;line-height:20px;\">\n\t\t\t<span>Travaux de R\u00e9habilitation des cit\u00e9es TATAOUINE NORD LOT 2<\/span>\n\t\t<\/h6> <\/div><\/div><div class=\"bauer-icon-box clearfix icon-left align-left  simple\" style=\"background-color:#ffffff;padding:22px 25px 22px 25px;border-radius:5px;border:1px solid #e7e7e7;\" ><div class=\"wrap-inner\" style=\"position: relative;\"><div class=\"bauer-icon icon-2120888502 custom accent-bg\"  data-icon=\"#ffffff\">\n\t\t\t\t<span class=\"icon\" style=\"font-size:18px;width:42px;height:42px;border-style:solid;border-radius:21px;line-height:44px; box-shadow: 0px 0px 0px 4px rgba(243,92,39,0.2)\"><i class=\"elegant-icon_check_alt2\"><\/i><\/span>\n\t\t\t<\/div> <h6 class=\"heading\" style=\"padding-left:59px;font-size:15px;line-height:20px;\">\n\t\t\t<span>Travaux d\u2019am\u00e9nagement et rev\u00eatement des routes et pistes REMEDA 1 Lot 12<\/span>\n\t\t<\/h6> <\/div><\/div>\n\n\t<\/div>\n\t<div class=\"bauer-spacer clearfix\" data-desktop=\"50\" data-mobi=\"10\" data-smobi=\"10\"><\/div><\/div><\/div><\/div><\/div><\/div><\/div><\/div><\/div><\/div><\/div><\/div><\/section><\/div><div class=\"vc-custom-col-spacing clearfix vc-col-spacing-30\"><section class=\"wpb_row vc_row-fluid vc_custom_1597302934124 vc_row-has-fill\"><div class=\"bauer-container\"><div class=\"row-inner clearfix\"><div class=\"wpb_column vc_column_container vc_col-sm-12\"><div class=\"vc_column-inner\"><div class=\"wpb_wrapper\"><div class=\"bauer-content-box clearfix\" ><div class=\"vc-custom-col-inner-spacing clearfix vc-col-inner-spacing-30\"><div class=\"wpb_row vc_inner vc_row-fluid\"><div class=\"wpb_column vc_column_container vc_col-sm-6\"><div class=\"vc_column-inner vc_custom_1597304601648\"><div class=\"wpb_wrapper\"><div class=\"bauer-images-carousel  arrow-bottom has-borders has-arrows\" data-auto=\"true\" data-loop=\"true\" data-gap=\"0\" data-column=\"1\" data-column2=\"1\" data-column3=\"1\">\n        <div class=\"owl-carousel owl-theme\"><div class=\"item-wrap\"><img src=\"https:\/\/ecc-tunisia.com\/wp-content\/uploads\/2021\/03\/road02-comp3-2-552x600.jpg\" alt=\"Image\"><\/div><div class=\"item-wrap\"><img src=\"https:\/\/ecc-tunisia.com\/wp-content\/uploads\/2020\/10\/BeFunky-collage8.jpg\" alt=\"Image\"><\/div><div class=\"item-wrap\"><img src=\"https:\/\/ecc-tunisia.com\/wp-content\/uploads\/2021\/03\/road02-comp3-2-1-552x600.jpg\" alt=\"Image\"><\/div><\/div><\/div><\/div><\/div><\/div><div class=\"wpb_column vc_column_container vc_col-sm-6\"><div class=\"vc_column-inner\"><div class=\"wpb_wrapper\">\n\t<div class=\"bauer-spacer clearfix\" data-desktop=\"94\" data-mobi=\"60\" data-smobi=\"60\"><\/div>\n\t<div class=\"bauer-spacer clearfix\" data-desktop=\"45\" data-mobi=\"45\" data-smobi=\"45\"><\/div><h2 class=\"bauer-text clearfix\" style=\"font-size:30px;line-height:50px;margin-bottom:25px;\"><p><strong>Oil and Gas construction <\/strong><\/p>\n<\/h2><div class=\"bauer-text clearfix\" style=\"font-size:18px;line-height:30px;color:#414042;margin-bottom:20px;\"><p>ECC ma\u00eetrise toutes les sp\u00e9cialit\u00e9s li\u00e9es \u00e0 la construction et travaux G\u00e9nie Civil dans le secteur p\u00e9trolier dont: <\/p>\n<\/div><div class=\"bauer-grid-box clearfix grid2 border-light v-5 h-5 no-borders\" data-grid=\"2\" >\n\t\t<div class=\"bauer-icon-box clearfix icon-left align-left  simple\" style=\"background-color:#ffffff;padding:22px 25px 22px 25px;border-radius:5px;border:1px solid #e7e7e7;\" ><div class=\"wrap-inner\" style=\"position: relative;\"><div class=\"bauer-icon icon-421744527 custom accent-bg\"  data-icon=\"#ffffff\">\n\t\t\t\t<span class=\"icon\" style=\"font-size:18px;width:42px;height:42px;border-style:solid;border-radius:21px;line-height:44px; box-shadow: 0px 0px 0px 4px rgba(243,92,39,0.2)\"><i class=\"elegant-icon_check_alt2\"><\/i><\/span>\n\t\t\t<\/div> <h6 class=\"heading\" style=\"padding-left:59px;font-size:15px;line-height:20px;\">\n\t\t\t<span>La construction des plateformes de forages<\/span>\n\t\t<\/h6> <\/div><\/div><div class=\"bauer-icon-box clearfix icon-left align-left  simple\" style=\"background-color:#ffffff;padding:22px 25px 22px 25px;border-radius:5px;border:1px solid #e7e7e7;\" ><div class=\"wrap-inner\" style=\"position: relative;\"><div class=\"bauer-icon icon-1017390754 custom accent-bg\"  data-icon=\"#ffffff\">\n\t\t\t\t<span class=\"icon\" style=\"font-size:18px;width:42px;height:42px;border-style:solid;border-radius:21px;line-height:44px; box-shadow: 0px 0px 0px 4px rgba(243,92,39,0.2)\"><i class=\"elegant-icon_check_alt2\"><\/i><\/span>\n\t\t\t<\/div> <h6 class=\"heading\" style=\"padding-left:59px;font-size:15px;line-height:20px;\">\n\t\t\t<span>R\u00e9am\u00e9nagement des sites et plateformes pour l'activit\u00e9 du Work over .<\/span>\n\t\t<\/h6> <\/div><\/div><div class=\"bauer-icon-box clearfix icon-left align-left  simple\" style=\"background-color:#ffffff;padding:22px 25px 22px 25px;border-radius:5px;border:1px solid #e7e7e7;\" ><div class=\"wrap-inner\" style=\"position: relative;\"><div class=\"bauer-icon icon-1168512095 custom accent-bg\"  data-icon=\"#ffffff\">\n\t\t\t\t<span class=\"icon\" style=\"font-size:18px;width:42px;height:42px;border-style:solid;border-radius:21px;line-height:44px; box-shadow: 0px 0px 0px 4px rgba(243,92,39,0.2)\"><i class=\"elegant-icon_check_alt2\"><\/i><\/span>\n\t\t\t<\/div> <h6 class=\"heading\" style=\"padding-left:59px;font-size:15px;line-height:20px;\">\n\t\t\t<span>Ouverture, entretien et construction des pistes d'acc\u00e8s.<\/span>\n\t\t<\/h6> <\/div><\/div><div class=\"bauer-icon-box clearfix icon-left align-left  simple\" style=\"background-color:#ffffff;padding:22px 25px 22px 25px;border-radius:5px;border:1px solid #e7e7e7;\" ><div class=\"wrap-inner\" style=\"position: relative;\"><div class=\"bauer-icon icon-158016371 custom accent-bg\"  data-icon=\"#ffffff\">\n\t\t\t\t<span class=\"icon\" style=\"font-size:18px;width:42px;height:42px;border-style:solid;border-radius:21px;line-height:44px; box-shadow: 0px 0px 0px 4px rgba(243,92,39,0.2)\"><i class=\"elegant-icon_check_alt2\"><\/i><\/span>\n\t\t\t<\/div> <h6 class=\"heading\" style=\"padding-left:59px;font-size:15px;line-height:20px;\">\n\t\t\t<span>La construction de camps d'h\u00e9bergement.<\/span>\n\t\t<\/h6> <\/div><\/div><div class=\"bauer-icon-box clearfix icon-left align-left  simple\" style=\"background-color:#ffffff;padding:22px 25px 22px 25px;border-radius:5px;border:1px solid #e7e7e7;\" ><div class=\"wrap-inner\" style=\"position: relative;\"><div class=\"bauer-icon icon-208804189 custom accent-bg\"  data-icon=\"#ffffff\">\n\t\t\t\t<span class=\"icon\" style=\"font-size:18px;width:42px;height:42px;border-style:solid;border-radius:21px;line-height:44px; box-shadow: 0px 0px 0px 4px rgba(243,92,39,0.2)\"><i class=\"elegant-icon_check_alt2\"><\/i><\/span>\n\t\t\t<\/div> <h6 class=\"heading\" style=\"padding-left:59px;font-size:15px;line-height:20px;\">\n\t\t\t<span>Travaux G\u00e9nie Civil pour les projets de pipeline.<\/span>\n\t\t<\/h6> <\/div><\/div>\n\n\t<\/div>\n\t<div class=\"bauer-spacer clearfix\" data-desktop=\"50\" data-mobi=\"10\" data-smobi=\"10\"><\/div><\/div><\/div><\/div><\/div><\/div><\/div><\/div><\/div><\/div><\/div><\/div><\/section><\/div><div class=\"vc-custom-col-spacing clearfix vc-col-spacing-30\"><section class=\"wpb_row vc_row-fluid vc_custom_1597302934124 vc_row-has-fill\"><div class=\"bauer-container\"><div class=\"row-inner clearfix\"><div class=\"wpb_column vc_column_container vc_col-sm-12\"><div class=\"vc_column-inner\"><div class=\"wpb_wrapper\"><div class=\"bauer-content-box clearfix\" ><div class=\"vc-custom-col-inner-spacing clearfix vc-col-inner-spacing-30\"><div class=\"wpb_row vc_inner vc_row-fluid\"><div class=\"wpb_column vc_column_container vc_col-sm-6\"><div class=\"vc_column-inner vc_custom_1597304601648\"><div class=\"wpb_wrapper\"><div class=\"bauer-images-carousel  arrow-bottom has-borders has-arrows\" data-auto=\"true\" data-loop=\"true\" data-gap=\"0\" data-column=\"1\" data-column2=\"1\" data-column3=\"1\">\n        <div class=\"owl-carousel owl-theme\"><div class=\"item-wrap\"><img src=\"https:\/\/ecc-tunisia.com\/wp-content\/uploads\/2020\/10\/BeFunky-collage2.jpg\" alt=\"Image\"><\/div><div class=\"item-wrap\"><img src=\"https:\/\/ecc-tunisia.com\/wp-content\/uploads\/2020\/10\/BeFunky-collage1.jpg\" alt=\"Image\"><\/div><\/div><\/div><\/div><\/div><\/div><div class=\"wpb_column vc_column_container vc_col-sm-6\"><div class=\"vc_column-inner vc_custom_1597307846021\"><div class=\"wpb_wrapper\">\n\t<div class=\"bauer-spacer clearfix\" data-desktop=\"45\" data-mobi=\"45\" data-smobi=\"45\"><\/div><h2 class=\"bauer-text clearfix\" style=\"font-size:30px;line-height:50px;margin-bottom:25px;\"><p><b>Structural and Hydraulic works<\/b><\/p>\n<\/h2><div class=\"bauer-text clearfix\" style=\"font-size:18px;line-height:30px;color:#414042;margin-bottom:20px;\"><p>ECC a particip\u00e9 \u00e0 la construction des projets de protection contre les inondations des villes et elle a assur\u00e9 la r\u00e9alisation de plusieurs types d\u2019ouvrages hydrauliques (les canaux, les digues, les Dalots, cassis, ect.)<\/p>\n<\/div><div class=\"bauer-single-heading clearfix\" style=\"margin-bottom:25px;\"><span class=\"inner\"><span class=\"heading clearfix  accent\" style=\"font-weight:600;font-size:16px;\">\n\t\tQUELQUES R\u00c9F\u00c9RENCES\n\t<\/span><\/span><\/div><div class=\"bauer-grid-box clearfix grid2 border-light v-5 h-5 no-borders\" data-grid=\"2\" >\n\t\t<div class=\"bauer-icon-box clearfix icon-left align-left  simple\" style=\"background-color:#ffffff;padding:22px 25px 22px 25px;border-radius:5px;border:1px solid #e7e7e7;\" ><div class=\"wrap-inner\" style=\"position: relative;\"><div class=\"bauer-icon icon-19124652 custom accent-bg\"  data-icon=\"#ffffff\">\n\t\t\t\t<span class=\"icon\" style=\"font-size:18px;width:42px;height:42px;border-style:solid;border-radius:21px;line-height:44px; box-shadow: 0px 0px 0px 4px rgba(243,92,39,0.2)\"><i class=\"elegant-icon_check_alt2\"><\/i><\/span>\n\t\t\t<\/div> <h6 class=\"heading\" style=\"padding-left:59px;font-size:15px;line-height:20px;\">\n\t\t\t<span>Travaux de protection contre les inondations de la ville de Borj El Amri.<\/span>\n\t\t<\/h6> <\/div><\/div>\n\n\t<\/div>\n\t<div class=\"bauer-spacer clearfix\" data-desktop=\"50\" data-mobi=\"10\" data-smobi=\"10\"><\/div><\/div><\/div><\/div><\/div><\/div><\/div><\/div><\/div><\/div><\/div><\/div><\/section><\/div><div class=\"vc-custom-col-spacing clearfix vc-col-spacing-30\"><section class=\"wpb_row vc_row-fluid vc_custom_1599844450355 vc_row-has-fill\"><div class=\"bauer-container\"><div class=\"row-inner clearfix\"><div class=\"wpb_column vc_column_container vc_col-sm-12\"><div class=\"vc_column-inner\"><div class=\"wpb_wrapper\">\n\t<div class=\"bauer-spacer clearfix\" data-desktop=\"94\" data-mobi=\"60\" data-smobi=\"60\"><\/div><h2 class=\"bauer-text clearfix text-center\" style=\"font-size:42px;line-height:50px;color:#1e73be;margin-bottom:30px;\"><p><span class=\"font-weight-300\">Appelez-nous et<\/span> faites-le<\/p>\n<\/h2><div class=\"bauer-text clearfix text-center\" style=\"font-size:18px;line-height:30px;color:#8a99c0;max-width:890px;margin-left: auto; margin-right: auto;\"><p class=\" translation-block\">We are committed to finding the most economical and reliable solutions to meet your projects needs and budget.<\/p>\n<\/div>\n\t<div class=\"bauer-spacer clearfix\" data-desktop=\"50\" data-mobi=\"30\" data-smobi=\"30\"><\/div><div class=\"bauer-align-box text-center\"><div class=\"button-wrap icon-right\" style=\"\" ><a href=\"https:\/\/ecc-tunisia.com\/fr\/contact-us\/\" target=\"_self\" class=\"bauer-button btn-566386087 medium no_icon accent\" style=\"border-radius:30px;\"  data-text=\"#ffffff\" data-background-hover=\"#ffffff\" data-icon-hover=\"#ffffff\">\n\t\t<span style=\"\">Appelez-nous aujourd'hui <\/span>\n\t<\/a><\/div><\/div>\n\t<div class=\"bauer-spacer clearfix\" data-desktop=\"100\" data-mobi=\"60\" data-smobi=\"60\"><\/div><\/div><\/div><\/div><\/div><\/div><\/section><\/div><div class=\"vc-custom-col-spacing clearfix vc-col-spacing-30\"><section class=\"wpb_row vc_row-fluid vc_custom_1558796508444 vc_row-has-fill\"><div class=\"bauer-container\"><div class=\"row-inner clearfix\"><div class=\"wpb_column vc_column_container vc_col-sm-12\"><div class=\"vc_column-inner\"><div class=\"wpb_wrapper\">\n\t<div class=\"bauer-spacer clearfix\" data-desktop=\"100\" data-mobi=\"60\" data-smobi=\"60\"><\/div><div class=\"bauer-content-box clearfix\" ><div class=\"vc-custom-col-inner-spacing clearfix vc-col-inner-spacing-100\"><div class=\"wpb_row vc_inner vc_row-fluid\"><div class=\"wpb_column vc_column_container vc_col-sm-6\"><div class=\"vc_column-inner\"><div class=\"wpb_wrapper\"><div class=\"bauer-content-box clearfix\" data-padding=\"47px 50px 94px 50px\" data-mobipadding=\"40px\" data-margin=\"\" data-mobimargin=\"\" >\n\t\t<div class=\"inner ctb-759024777\" style=\"\"  data-background=\"rgba(3,15,39,0.6)\" data-rounded=\"5px\" data-border-color=\"rgba(231,231,231,0.3)\" data-border-width=\"1px\">\n\t\t\t<h2 class=\"bauer-text clearfix\" style=\"font-size:42px;color:#f2f2f2;margin-bottom:8px;\"><p><span class=\"font-weight-300\">Prenez<\/span> contact avec nous<\/p>\n<\/h2><div class=\"bauer-text clearfix\" style=\"color:#f2f2f2;margin-bottom:25px;\"><p>Si vous avez des questions ou des id\u00e9es \u00e0 partager, envoyez un message. Pour toute information plus sp\u00e9cifique, veuillez utiliser l'une des adresses ci-dessous.<\/p>\n<\/div><div class=\"bauer-grid-box clearfix grid2 border-light v-30 h-25 no-borders\" data-grid=\"2\" >\n\t\t<div class=\"bauer-text clearfix\" style=\"color:#f2f2f2;\"><p><span class=\"font-weight-500 text-white\">Engineering &amp; Construction Company<br \/>\n<\/span><br \/>\n<span style=\"color: #8a99c0;\">4, Rue Sophonisbe Notre Dame 1002 Tunis, Tunisia<\/span><br \/>\n<span class=\"fas fa-map-marker-alt text-accent-color\" style=\"padding-right: 3px;\"><\/span> <span class=\"text-accent-color font-weight-600\"><\/span><\/p>\n<\/div><div class=\"bauer-text clearfix\" style=\"color:#f2f2f2;\"><p><span>Phone : + 216 71 79 38 18<\/span><br \/>\n<span>Fax\u00a0 \u00a0 \u00a0 : + 216 71 79 38 14<\/span><\/p>\n<\/div><div class=\"bauer-text clearfix\" style=\"color:#f2f2f2;\"><p><span class=\"font-weight-500 text-white\">Notre Email<\/span><br \/>\n<span class=\"fas fa-envelope text-accent-color\" style=\"padding-right: 5px;\"><\/span> <span class=\"font-weight-600 text-accent-color\">ecc@gnet.tn<br \/>\n<\/span><\/p>\n<\/div>\n\n\t<\/div>\n\t\t<\/div>\n\t<\/div>\n\t<div class=\"bauer-spacer clearfix\" data-desktop=\"0\" data-mobi=\"40\" data-smobi=\"40\"><\/div><\/div><\/div><\/div><div class=\"wpb_column vc_column_container vc_col-sm-6\"><div class=\"vc_column-inner\"><div class=\"wpb_wrapper\"><div class=\"bauer-content-box clearfix\" data-padding=\"53px 35px 60px 35px\" data-mobipadding=\"50px 35px 50px 35px\" data-margin=\"\" data-mobimargin=\"\" >\n\t\t<div class=\"inner ctb-1370773988\" style=\"\"  data-background=\"#f7f9fa\" data-rounded=\"5px\" data-border-width=\"1px\">\n\t\t\t<div class=\"bauer-headings clearfix text-center\" data-font=\"22\" style=\"\"><h2 class=\"heading clearfix\" style=\"margin-bottom:15px;font-size:22px;\">\n\t\tParlons de votre projet\n\t<\/h2><p class=\"sub-heading clearfix\" style=\"font-style:normal;max-width:400px;margin-left: auto; margin-right: auto;\">\n\t\tUne fois que nous aurons obtenu certaines informations de votre part, nous organiserons une r\u00e9union pour discuter de votre projet plus en d\u00e9tail.\n\t<\/p><\/div>\n\t<div class=\"bauer-spacer clearfix\" data-desktop=\"32\" data-mobi=\"32\" data-smobi=\"32\"><\/div>\n<div class=\"wpcf7 no-js\" id=\"wpcf7-f4437-o1\" lang=\"en-US\" dir=\"ltr\">\n<div class=\"screen-reader-response\"><p role=\"status\" aria-live=\"polite\" aria-atomic=\"true\"><\/p> <ul><\/ul><\/div>\n<form action=\"\/fr\/wp-json\/wp\/v2\/pages\/9399#wpcf7-f4437-o1\" method=\"post\" class=\"wpcf7-form init\" aria-label=\"Contact form\" novalidate=\"novalidate\" data-status=\"init\" data-trp-original-action=\"\/fr\/wp-json\/wp\/v2\/pages\/9399#wpcf7-f4437-o1\">\n<div style=\"display: none;\">\n<input type=\"hidden\" name=\"_wpcf7\" value=\"4437\" \/>\n<input type=\"hidden\" name=\"_wpcf7_version\" value=\"5.7.7\" \/>\n<input type=\"hidden\" name=\"_wpcf7_locale\" value=\"en_US\" \/>\n<input type=\"hidden\" name=\"_wpcf7_unit_tag\" value=\"wpcf7-f4437-o1\" \/>\n<input type=\"hidden\" name=\"_wpcf7_container_post\" value=\"0\" \/>\n<input type=\"hidden\" name=\"_wpcf7_posted_data_hash\" value=\"\" \/>\n<\/div>\n<div class=\"cf7-style-1\">\n\t<div class=\"name-wrap\">\n\t\t<p><span class=\"wpcf7-form-control-wrap\" data-name=\"your-name\"><input size=\"40\" class=\"wpcf7-form-control wpcf7-text wpcf7-validates-as-required\" aria-required=\"true\" aria-invalid=\"false\" placeholder=\"Nom\" value=\"\" type=\"text\" name=\"your-name\" \/><\/span>\n\t\t<\/p>\n\t<\/div>\n\t<div class=\"email-wrap\">\n\t\t<p><span class=\"wpcf7-form-control-wrap\" data-name=\"your-email\"><input size=\"40\" class=\"wpcf7-form-control wpcf7-text wpcf7-email wpcf7-validates-as-required wpcf7-validates-as-email\" aria-required=\"true\" aria-invalid=\"false\" placeholder=\"Email\" value=\"\" type=\"email\" name=\"your-email\" \/><\/span>\n\t\t<\/p>\n\t<\/div>\n\t<div class=\"message-wrap\">\n\t\t<p><span class=\"wpcf7-form-control-wrap\" data-name=\"your-message\"><textarea cols=\"40\" rows=\"10\" class=\"wpcf7-form-control wpcf7-textarea\" aria-invalid=\"false\" placeholder=\"Massage\" name=\"your-message\"><\/textarea><\/span>\n\t\t<\/p>\n\t<\/div>\n\t<div class=\"submit-wrap\">\n\t\t<p><span><input class=\"wpcf7-form-control has-spinner wpcf7-submit\" type=\"submit\" value=\"SOUMETTRE\" \/><\/span>\n\t\t<\/p>\n\t<\/div>\n<\/div><div class=\"wpcf7-response-output\" aria-hidden=\"true\"><\/div>\n<input type=\"hidden\" name=\"trp-form-language\" value=\"fr\"\/><\/form>\n<\/div>\n\n\t\t<\/div>\n\t<\/div><\/div><\/div><\/div><\/div><\/div><\/div>\n\t<div class=\"bauer-spacer clearfix\" data-desktop=\"100\" data-mobi=\"60\" data-smobi=\"60\"><\/div><\/div><\/div><\/div><\/div><\/div><\/section><\/div>","protected":false},"excerpt":{"rendered":"Reliable and Trusted services Our Management Programs seek to protect employees and leaders, promote their needs, services and to ensure customer rules and access to services. Roads and Utility Networks ECC ensured the construction of several kilometers of roads, as well as the rehabilitation and restoration of divers trunk roads","protected":false},"author":1,"featured_media":0,"parent":0,"menu_order":0,"comment_status":"closed","ping_status":"closed","template":"","meta":[],"_links":{"self":[{"href":"https:\/\/ecc-tunisia.com\/fr\/wp-json\/wp\/v2\/pages\/9399"}],"collection":[{"href":"https:\/\/ecc-tunisia.com\/fr\/wp-json\/wp\/v2\/pages"}],"about":[{"href":"https:\/\/ecc-tunisia.com\/fr\/wp-json\/wp\/v2\/types\/page"}],"author":[{"embeddable":true,"href":"https:\/\/ecc-tunisia.com\/fr\/wp-json\/wp\/v2\/users\/1"}],"replies":[{"embeddable":true,"href":"https:\/\/ecc-tunisia.com\/fr\/wp-json\/wp\/v2\/comments?post=9399"}],"version-history":[{"count":41,"href":"https:\/\/ecc-tunisia.com\/fr\/wp-json\/wp\/v2\/pages\/9399\/revisions"}],"predecessor-version":[{"id":9928,"href":"https:\/\/ecc-tunisia.com\/fr\/wp-json\/wp\/v2\/pages\/9399\/revisions\/9928"}],"wp:attachment":[{"href":"https:\/\/ecc-tunisia.com\/fr\/wp-json\/wp\/v2\/media?parent=9399"}],"curies":[{"name":"wp","href":"https:\/\/api.w.org\/{rel}","templated":true}]}}