{"id":9373,"date":"2020-08-09T07:50:28","date_gmt":"2020-08-09T07:50:28","guid":{"rendered":"http:\/\/localhost\/ecc\/?page_id=9373"},"modified":"2021-03-05T11:41:20","modified_gmt":"2021-03-05T11:41:20","slug":"facilities","status":"publish","type":"page","link":"http:\/\/ecc-tunisia.com\/fr\/facilities\/","title":{"rendered":"Installations"},"content":{"rendered":"<div class=\"vc-custom-col-spacing clearfix vc-col-spacing-30\"><section class=\"wpb_row vc_row-fluid\"><div class=\"bauer-container\"><div class=\"row-inner clearfix\"><div class=\"wpb_column vc_column_container vc_col-sm-12\"><div class=\"vc_column-inner\"><div class=\"wpb_wrapper\">\n\t<div class=\"bauer-spacer clearfix\" data-desktop=\"94\" data-mobi=\"60\" data-smobi=\"60\"><\/div><\/div><\/div><\/div><\/div><\/div><\/section><\/div><div class=\"vc-custom-col-spacing clearfix vc-col-spacing-30\"><section class=\"wpb_row vc_row-fluid\"><div class=\"bauer-container\"><div class=\"row-inner clearfix\"><div class=\"wpb_column vc_column_container vc_col-sm-6\"><div class=\"vc_column-inner\"><div class=\"wpb_wrapper\"><div class=\"bauer-single-heading clearfix\" style=\"margin-bottom:25px;\"><span class=\"inner\"><span class=\"heading clearfix\" style=\"font-weight:600;color:#888888;font-size:26px;\">\n\t\tNOS INFRASTRUCTURES\n\t<\/span><\/span><\/div><h2 class=\"bauer-text clearfix\" style=\"font-size:35px;line-height:35px;color:#030f27;\"><p>Les installations d'ECC garantissent le succ\u00e8s de l'organisation dans l'environnement concurrentiel actuel.<\/p>\n<\/h2><\/div><\/div><\/div><div class=\"wpb_column vc_column_container vc_col-sm-6\"><div class=\"vc_column-inner\"><div class=\"wpb_wrapper\">\n\t<div class=\"bauer-spacer clearfix\" data-desktop=\"52\" data-mobi=\"30\" data-smobi=\"30\"><\/div><div class=\"bauer-text clearfix\" style=\"font-size:18px;line-height:30px;color:#414042;\"><p>Nous op\u00e9rons dans un environnement o\u00f9; le co\u00fbt, l'infrastructure disponible, les comp\u00e9tences de la main-d'\u0153uvre, les politiques gouvernementales et l'environnement sont des facteurs tr\u00e8s importants pour fournir un acc\u00e8s ad\u00e9quat aux clients, aux travailleurs qualifi\u00e9s, au transport, etc.<\/p>\n<\/div><\/div><\/div><\/div><\/div><\/div><\/section><\/div><div class=\"vc-custom-col-spacing clearfix vc-col-spacing-30\"><section class=\"wpb_row vc_row-fluid\"><div class=\"bauer-container\"><div class=\"row-inner clearfix\"><div class=\"wpb_column vc_column_container vc_col-sm-12\"><div class=\"vc_column-inner\"><div class=\"wpb_wrapper\">\n\t<div class=\"bauer-spacer clearfix\" data-desktop=\"94\" data-mobi=\"60\" data-smobi=\"60\"><\/div><div class=\"bauer-images-carousel  arrow-center has-borders has-arrows\" data-auto=\"true\" data-loop=\"true\" data-gap=\"30\" data-column=\"3\" data-column2=\"2\" data-column3=\"1\">\n        <div class=\"owl-carousel owl-theme\"><div class=\"item-wrap\"><img src=\"http:\/\/ecc-tunisia.com\/wp-content\/uploads\/2020\/08\/11111.png\" alt=\"Image\"><\/div><div class=\"item-wrap\"><img src=\"http:\/\/ecc-tunisia.com\/wp-content\/uploads\/2020\/08\/Image36.png\" alt=\"Image\"><\/div><div class=\"item-wrap\"><img src=\"http:\/\/ecc-tunisia.com\/wp-content\/uploads\/2020\/08\/Image37.png\" alt=\"Image\"><\/div><\/div><\/div>\n\t<div class=\"bauer-spacer clearfix\" data-desktop=\"94\" data-mobi=\"60\" data-smobi=\"60\"><\/div><\/div><\/div><\/div><\/div><\/div><\/section><\/div><div class=\"vc-custom-col-spacing clearfix vc-col-spacing-30\"><section class=\"wpb_row vc_row-fluid\"><div class=\"bauer-container\"><div class=\"row-inner clearfix\"><div class=\"wpb_column vc_column_container vc_col-sm-6\"><div class=\"vc_column-inner\"><div class=\"wpb_wrapper\"><div class=\"bauer-simple-image text-center\" style=\"\" >\n\t\t\t<img alt=\"image\" src=\"http:\/\/ecc-tunisia.com\/wp-content\/uploads\/2020\/08\/Image1.png\" \/> \n\t\t<\/div>\n\t<div class=\"bauer-spacer clearfix\" data-desktop=\"50\" data-mobi=\"60\" data-smobi=\"60\"><\/div><\/div><\/div><\/div><div class=\"wpb_column vc_column_container vc_col-sm-6\"><div class=\"vc_column-inner vc_custom_1596964485684\"><div class=\"wpb_wrapper\">\n\t<div class=\"bauer-spacer clearfix\" data-desktop=\"20\" data-mobi=\"60\" data-smobi=\"60\"><\/div><div class=\"bauer-icon-box clearfix icon-left align-left  simple\" style=\"padding:25px 25px 27px;border-radius:5px;border:1px solid #e7e7e7;\" ><div class=\"wrap-inner\" style=\"position: relative;\"><div class=\"bauer-icon icon-849273671 custom custom\"  data-icon=\"\" data-background=\"\">\n\t\t\t\t<span class=\"icon\" style=\"font-size:50px;width:50px;height:50px;border-style:solid;\"><i class=\"bauerico-building\"><\/i><\/span>\n\t\t\t<\/div> <h3 class=\"heading\" style=\"padding-left:75px;font-size:20px;line-height:24px;margin-bottom:12px;\">\n\t\t\t<span>BASE DE SFAX<\/span>\n\t\t<\/h3><div class=\"desc\" style=\"padding-left:75px;\"><p>ECC, filiale de Top Oilfield Services, utilise les installations de Top \u00e0 Sfax, y compris la base de support Sfax pour le stockage et la maintenance des \u00e9quipements et Mat\u00e9riel ECC, et utilise l'\u00e9quipe logistique bas\u00e9e \u00e0 Sfax pour toute assistance dans les achats locaux de mat\u00e9riaux et de services<\/p>\n<\/div> <\/div><\/div><div class=\"bauer-icon-box clearfix icon-left align-left  simple\" style=\"padding:25px 25px 27px;border-radius:5px;border:1px solid #e7e7e7;\" ><div class=\"wrap-inner\" style=\"position: relative;\"><div class=\"bauer-icon icon-247482570 custom custom\"  data-icon=\"\" data-background=\"\">\n\t\t\t\t<span class=\"icon\" style=\"font-size:50px;width:50px;height:50px;border-style:solid;\"><i class=\"bauerico-building\"><\/i><\/span>\n\t\t\t<\/div> <h3 class=\"heading\" style=\"padding-left:75px;font-size:20px;line-height:24px;margin-bottom:12px;\">\n\t\t\t<span>BASE &amp; ATELIER DE TATAOUINE<\/span>\n\t\t<\/h3><div class=\"desc\" style=\"padding-left:75px;\"><p>ECC a une base et un atelier \u00e0 Tataouine o\u00f9 il stocke ses principaux \u00e9quipements et mat\u00e9riels, pour \u00eatre proche des principaux op\u00e9rateurs dans le d\u00e9sert comme ENI, OMV, SODEPS, etc. et pour les utiliser dans les autres travaux publics dans le sud du pays .<\/p>\n<\/div> <\/div><\/div><div class=\"bauer-icon-box clearfix icon-left align-left  simple\" style=\"padding:25px 25px 27px;border-radius:5px;border:1px solid #e7e7e7;\" ><div class=\"wrap-inner\" style=\"position: relative;\"><div class=\"bauer-icon icon-424373204 custom custom\"  data-icon=\"\" data-background=\"\">\n\t\t\t\t<span class=\"icon\" style=\"font-size:50px;width:50px;height:50px;border-style:solid;\"><i class=\"bauerico-building\"><\/i><\/span>\n\t\t\t<\/div> <h3 class=\"heading\" style=\"padding-left:75px;font-size:20px;line-height:24px;margin-bottom:12px;\">\n\t\t\t<span>ECC MAIN CAMP<\/span>\n\t\t<\/h3><div class=\"desc\" style=\"padding-left:75px;\"><p>ECC poss\u00e8de son camp principal \u00e0 Waha, pr\u00e8s de OMV CPF, qui peut accueillir 90 personnes et est \u00e9quip\u00e9 d'une cuisine, un restaurant, une salle de loisirs, des bureaux, etc\u2026<\/p>\n<\/div> <\/div><\/div>\n\t<div class=\"bauer-spacer clearfix\" data-desktop=\"50\" data-mobi=\"60\" data-smobi=\"60\"><\/div><\/div><\/div><\/div><\/div><\/div><\/section><\/div><div class=\"vc-custom-col-spacing clearfix vc-col-spacing-30\"><section class=\"wpb_row vc_row-fluid vc_custom_1599844150568 vc_row-has-fill\"><div class=\"bauer-container\"><div class=\"row-inner clearfix\"><div class=\"wpb_column vc_column_container vc_col-sm-12\"><div class=\"vc_column-inner\"><div class=\"wpb_wrapper\">\n\t<div class=\"bauer-spacer clearfix\" data-desktop=\"50\" data-mobi=\"60\" data-smobi=\"60\"><\/div><h2 class=\"bauer-text clearfix text-center\" style=\"font-size:42px;line-height:50px;color:#1e73be;margin-bottom:30px;\"><p><span class=\"font-weight-300\">Appelez-nous et<\/span> faites-le<\/p>\n<\/h2><div class=\"bauer-text clearfix text-center\" style=\"font-size:18px;line-height:30px;color:#505672;max-width:890px;margin-left: auto; margin-right: auto;\"><p>We are committed to finding the most economical and reliable solutions to meet your projects needs and budget.<\/p>\n<\/div>\n\t<div class=\"bauer-spacer clearfix\" data-desktop=\"50\" data-mobi=\"30\" data-smobi=\"30\"><\/div><div class=\"bauer-align-box text-center\"><div class=\"button-wrap icon-right\" style=\"\" ><a href=\"http:\/\/ecc-tunisia.com\/fr\/contact-us\/\" target=\"_self\" class=\"bauer-button btn-375818825 medium no_icon accent\" style=\"border-radius:30px;\"  data-text=\"#ffffff\" data-background-hover=\"#ffffff\" data-icon-hover=\"#ffffff\">\n\t\t<span style=\"\">Appelez-nous aujourd'hui <\/span>\n\t<\/a><\/div><\/div>\n\t<div class=\"bauer-spacer clearfix\" data-desktop=\"100\" data-mobi=\"60\" data-smobi=\"60\"><\/div><\/div><\/div><\/div><\/div><\/div><\/section><\/div><div class=\"vc-custom-col-spacing clearfix vc-col-spacing-30\"><section class=\"wpb_row vc_row-fluid vc_custom_1558796508444 vc_row-has-fill\"><div class=\"bauer-container\"><div class=\"row-inner clearfix\"><div class=\"wpb_column vc_column_container vc_col-sm-12\"><div class=\"vc_column-inner\"><div class=\"wpb_wrapper\">\n\t<div class=\"bauer-spacer clearfix\" data-desktop=\"100\" data-mobi=\"60\" data-smobi=\"60\"><\/div><div class=\"bauer-content-box clearfix\" ><div class=\"vc-custom-col-inner-spacing clearfix vc-col-inner-spacing-100\"><div class=\"wpb_row vc_inner vc_row-fluid\"><div class=\"wpb_column vc_column_container vc_col-sm-6\"><div class=\"vc_column-inner\"><div class=\"wpb_wrapper\"><div class=\"bauer-content-box clearfix\" data-padding=\"47px 10px 94px 10px\" data-mobipadding=\"40px\" data-margin=\"\" data-mobimargin=\"\" >\n\t\t<div class=\"inner ctb-870082284\" style=\"\"  data-background=\"rgba(3,15,39,0.6)\" data-rounded=\"5px\" data-border-color=\"rgba(231,231,231,0.3)\" data-border-width=\"1px\">\n\t\t\t<h2 class=\"bauer-text clearfix\" style=\"font-size:42px;color:#f2f2f2;margin-bottom:8px;\"><p><span class=\"font-weight-300\">Prenez<\/span> contact avec nous<\/p>\n<\/h2><div class=\"bauer-text clearfix\" style=\"color:#f2f2f2;margin-bottom:25px;\"><p>Si vous avez des questions ou des id\u00e9es \u00e0 partager, envoyez un message. Pour toute information plus sp\u00e9cifique, veuillez utiliser l'une des adresses ci-dessous.<\/p>\n<\/div><div class=\"bauer-grid-box clearfix grid2 border-light v-25 h-25 no-borders\" data-grid=\"2\" >\n\t\t<div class=\"bauer-text clearfix\" style=\"color:#f2f2f2;\"><p><span class=\"font-weight-500 text-white\">Engineering &amp; Construction Company<br \/>\n<\/span><br \/>\n<span style=\"color: #8a99c0;\">4, Rue Sophonisbe Notre Dame 1002 Tunis, Tunisia<\/span><br \/>\n<span class=\"fas fa-map-marker-alt text-accent-color\" style=\"padding-right: 3px;\"><\/span> <span class=\"text-accent-color font-weight-600\"><\/span><\/p>\n<\/div><div class=\"bauer-text clearfix\" style=\"color:#f2f2f2;\"><p><span>Phone : + 216 71 79 38 18<\/span><br \/>\n<span>Fax\u00a0 \u00a0 \u00a0 : + 216 71 79 38 14<\/span><\/p>\n<\/div><div class=\"bauer-text clearfix\" style=\"color:#f2f2f2;\"><p><span class=\"font-weight-500 text-white\">Notre Email<\/span><br \/>\n<span class=\"fas fa-envelope text-accent-color\" style=\"padding-right: 5px;\"><\/span> <span class=\"font-weight-600 text-accent-color\">ecc@gnet.tn<br \/>\n<\/span><\/p>\n<\/div>\n\n\t<\/div>\n\t\t<\/div>\n\t<\/div>\n\t<div class=\"bauer-spacer clearfix\" data-desktop=\"0\" data-mobi=\"40\" data-smobi=\"40\"><\/div><\/div><\/div><\/div><div class=\"wpb_column vc_column_container vc_col-sm-6\"><div class=\"vc_column-inner\"><div class=\"wpb_wrapper\"><div class=\"bauer-content-box clearfix\" data-padding=\"53px 35px 60px 35px\" data-mobipadding=\"50px 35px 50px 35px\" data-margin=\"\" data-mobimargin=\"\" >\n\t\t<div class=\"inner ctb-1115653439\" style=\"\"  data-background=\"#f7f9fa\" data-rounded=\"5px\" data-border-width=\"1px\">\n\t\t\t<div class=\"bauer-headings clearfix text-center\" data-font=\"22\" style=\"\"><h2 class=\"heading clearfix\" style=\"margin-bottom:15px;font-size:22px;\">\n\t\tParlons de votre projet\n\t<\/h2><p class=\"sub-heading clearfix\" style=\"font-style:normal;max-width:400px;margin-left: auto; margin-right: auto;\">\n\t\tUne fois que nous aurons obtenu certaines informations de votre part, nous organiserons une r\u00e9union pour discuter de votre projet plus en d\u00e9tail.\n\t<\/p><\/div>\n\t<div class=\"bauer-spacer clearfix\" data-desktop=\"32\" data-mobi=\"32\" data-smobi=\"32\"><\/div>\n<div class=\"wpcf7 no-js\" id=\"wpcf7-f4437-o1\" lang=\"en-US\" dir=\"ltr\">\n<div class=\"screen-reader-response\"><p role=\"status\" aria-live=\"polite\" aria-atomic=\"true\"><\/p> <ul><\/ul><\/div>\n<form action=\"\/fr\/wp-json\/wp\/v2\/pages\/9373#wpcf7-f4437-o1\" method=\"post\" class=\"wpcf7-form init\" aria-label=\"Contact form\" novalidate=\"novalidate\" data-status=\"init\" data-trp-original-action=\"\/fr\/wp-json\/wp\/v2\/pages\/9373#wpcf7-f4437-o1\">\n<div style=\"display: none;\">\n<input type=\"hidden\" name=\"_wpcf7\" value=\"4437\" \/>\n<input type=\"hidden\" name=\"_wpcf7_version\" value=\"5.7.7\" \/>\n<input type=\"hidden\" name=\"_wpcf7_locale\" value=\"en_US\" \/>\n<input type=\"hidden\" name=\"_wpcf7_unit_tag\" value=\"wpcf7-f4437-o1\" \/>\n<input type=\"hidden\" name=\"_wpcf7_container_post\" value=\"0\" \/>\n<input type=\"hidden\" name=\"_wpcf7_posted_data_hash\" value=\"\" \/>\n<\/div>\n<div class=\"cf7-style-1\">\n\t<div class=\"name-wrap\">\n\t\t<p><span class=\"wpcf7-form-control-wrap\" data-name=\"your-name\"><input size=\"40\" class=\"wpcf7-form-control wpcf7-text wpcf7-validates-as-required\" aria-required=\"true\" aria-invalid=\"false\" placeholder=\"Nom\" value=\"\" type=\"text\" name=\"your-name\" \/><\/span>\n\t\t<\/p>\n\t<\/div>\n\t<div class=\"email-wrap\">\n\t\t<p><span class=\"wpcf7-form-control-wrap\" data-name=\"your-email\"><input size=\"40\" class=\"wpcf7-form-control wpcf7-text wpcf7-email wpcf7-validates-as-required wpcf7-validates-as-email\" aria-required=\"true\" aria-invalid=\"false\" placeholder=\"Email\" value=\"\" type=\"email\" name=\"your-email\" \/><\/span>\n\t\t<\/p>\n\t<\/div>\n\t<div class=\"message-wrap\">\n\t\t<p><span class=\"wpcf7-form-control-wrap\" data-name=\"your-message\"><textarea cols=\"40\" rows=\"10\" class=\"wpcf7-form-control wpcf7-textarea\" aria-invalid=\"false\" placeholder=\"Massage\" name=\"your-message\"><\/textarea><\/span>\n\t\t<\/p>\n\t<\/div>\n\t<div class=\"submit-wrap\">\n\t\t<p><span><input class=\"wpcf7-form-control has-spinner wpcf7-submit\" type=\"submit\" value=\"SOUMETTRE\" \/><\/span>\n\t\t<\/p>\n\t<\/div>\n<\/div><div class=\"wpcf7-response-output\" aria-hidden=\"true\"><\/div>\n<input type=\"hidden\" name=\"trp-form-language\" value=\"fr\"\/><\/form>\n<\/div>\n\n\t\t<\/div>\n\t<\/div><\/div><\/div><\/div><\/div><\/div><\/div>\n\t<div class=\"bauer-spacer clearfix\" data-desktop=\"100\" data-mobi=\"60\" data-smobi=\"60\"><\/div><\/div><\/div><\/div><\/div><\/div><\/section><\/div>","protected":false},"excerpt":{"rendered":"OUR FACILITIES ECC facilities ensures success of the organization in current global competitive environment. We operate in a global environment where; cost, available infrastructure, labor skill, government policies and environment are very important factors to provide adequate access to customers, skilled labors, transportation, etc. SFAX BASE ECC as Top Oilfield","protected":false},"author":1,"featured_media":0,"parent":0,"menu_order":0,"comment_status":"closed","ping_status":"closed","template":"","meta":[],"_links":{"self":[{"href":"http:\/\/ecc-tunisia.com\/fr\/wp-json\/wp\/v2\/pages\/9373"}],"collection":[{"href":"http:\/\/ecc-tunisia.com\/fr\/wp-json\/wp\/v2\/pages"}],"about":[{"href":"http:\/\/ecc-tunisia.com\/fr\/wp-json\/wp\/v2\/types\/page"}],"author":[{"embeddable":true,"href":"http:\/\/ecc-tunisia.com\/fr\/wp-json\/wp\/v2\/users\/1"}],"replies":[{"embeddable":true,"href":"http:\/\/ecc-tunisia.com\/fr\/wp-json\/wp\/v2\/comments?post=9373"}],"version-history":[{"count":29,"href":"http:\/\/ecc-tunisia.com\/fr\/wp-json\/wp\/v2\/pages\/9373\/revisions"}],"predecessor-version":[{"id":9920,"href":"http:\/\/ecc-tunisia.com\/fr\/wp-json\/wp\/v2\/pages\/9373\/revisions\/9920"}],"wp:attachment":[{"href":"http:\/\/ecc-tunisia.com\/fr\/wp-json\/wp\/v2\/media?parent=9373"}],"curies":[{"name":"wp","href":"https:\/\/api.w.org\/{rel}","templated":true}]}}