{"id":8427,"date":"2019-05-18T02:29:54","date_gmt":"2019-05-18T02:29:54","guid":{"rendered":"http:\/\/ninzio.com\/bauer\/?page_id=8427"},"modified":"2021-03-04T08:32:09","modified_gmt":"2021-03-04T08:32:09","slug":"home-industrial","status":"publish","type":"page","link":"http:\/\/ecc-tunisia.com\/fr\/home-industrial\/","title":{"rendered":"Projects"},"content":{"rendered":"<div class=\"vc-custom-col-spacing clearfix vc-col-spacing-30\"><section class=\"wpb_row vc_row-fluid\"><div class=\"bauer-container\"><div class=\"row-inner clearfix\"><div class=\"wpb_column vc_column_container vc_col-sm-12\"><div class=\"vc_column-inner\"><div class=\"wpb_wrapper\">\n\t<div class=\"bauer-spacer clearfix\" data-desktop=\"100\" data-mobi=\"60\" data-smobi=\"60\"><\/div>\n\t<div class=\"bauer-spacer clearfix\" data-desktop=\"100\" data-mobi=\"60\" data-smobi=\"60\"><\/div><h2 class=\"bauer-text clearfix text-center\" style=\"font-size:42px;color:#1e73be;margin-bottom:8px;\"><p><span class=\"font-weight-300\">Notre<\/span> Project<\/p>\n<\/h2>\n\t<div class=\"bauer-spacer clearfix\" data-desktop=\"100\" data-mobi=\"60\" data-smobi=\"60\"><\/div><div class=\"bauer-content-box clearfix\" ><div class=\"vc-custom-col-inner-spacing clearfix vc-col-inner-spacing-30\"><div class=\"wpb_row vc_inner vc_row-fluid\"><div class=\"wpb_column vc_column_container vc_col-sm-6\"><div class=\"vc_column-inner\"><div class=\"wpb_wrapper\">\n\t<div class=\"bauer-spacer clearfix\" data-desktop=\"45\" data-mobi=\"0\" data-smobi=\"0\"><\/div><div class=\"bauer-single-heading clearfix\" style=\"margin-bottom:25px;\"><span class=\"inner\"><span class=\"heading clearfix\" style=\"font-weight:600;color:#777777;font-size:16px;\">\n\t\tDEVELOPING A VERY STRONG EXPERTISE\n\t<\/span><\/span><\/div><h2 class=\"bauer-text clearfix\" style=\"font-size:42px;line-height:50px;margin-bottom:32px;\"><p>Industrial Solutions <span class=\"font-weight-300\">for process improvements<\/span><\/p>\n<\/h2><div class=\"bauer-text clearfix\" style=\"font-size:18px;line-height:30px;color:#414042;margin-bottom:47px;\"><p>All our power plants are equipped with telemonitoring and monitoring systems that allow to control real-time production and to detect any failure.<\/p>\n<\/div><div class=\"bauer-grid-box clearfix grid2 border-light v-30 h-40 no-borders\" data-grid=\"2\" >\n\t\t<div class=\"bauer-counter clearfix style-1\" ><div class=\"inner\"><div class=\"icon-wrap\"><\/div><div class=\"text-wrap\"><h3 class=\"number-wrap\" style=\"font-weight:500;font-size:42px;\"><span class=\"prefix\" style=\"\"><\/span><span class=\"number accent\" data-speed=\"5000\" data-from=\"0\" data-to=\"10\"> 10<\/span><span class=\"suffix\" style=\"\"><\/span><\/h3><h4 class=\"heading\" style=\"color:#777777;font-size:18px;margin-top:10px;\">\n\t\tYears of Experience\n\t<\/h4><\/div><\/div><\/div><div class=\"bauer-counter clearfix style-1\" ><div class=\"inner\"><div class=\"icon-wrap\"><\/div><div class=\"text-wrap\"><h3 class=\"number-wrap\" style=\"font-weight:500;font-size:42px;\"><span class=\"prefix\" style=\"\"><\/span><span class=\"number accent\" data-speed=\"5000\" data-from=\"0\" data-to=\"30\"> 30<\/span><span class=\"suffix accent\" style=\"\">+<\/span><\/h3><h4 class=\"heading\" style=\"color:#777777;font-size:18px;margin-top:10px;\">\n\t\tWorldwide Branches\n\t<\/h4><\/div><\/div><\/div><div class=\"bauer-counter clearfix style-1\" ><div class=\"inner\"><div class=\"icon-wrap\"><\/div><div class=\"text-wrap\"><h3 class=\"number-wrap\" style=\"font-weight:500;font-size:42px;\"><span class=\"prefix\" style=\"\"><\/span><span class=\"number accent\" data-speed=\"5000\" data-from=\"0\" data-to=\"1000\"> 1000<\/span><span class=\"suffix\" style=\"\"><\/span><\/h3><h4 class=\"heading\" style=\"color:#777777;font-size:18px;margin-top:10px;\">\n\t\tIndustries Served\n\t<\/h4><\/div><\/div><\/div><div class=\"bauer-counter clearfix style-1\" ><div class=\"inner\"><div class=\"icon-wrap\"><\/div><div class=\"text-wrap\"><h3 class=\"number-wrap\" style=\"font-weight:500;font-size:42px;\"><span class=\"prefix\" style=\"\"><\/span><span class=\"number accent\" data-speed=\"5000\" data-from=\"0\" data-to=\"707\"> 707<\/span><span class=\"suffix\" style=\"\"><\/span><\/h3><h4 class=\"heading\" style=\"color:#777777;font-size:18px;margin-top:10px;\">\n\t\tFactories Built\n\t<\/h4><\/div><\/div><\/div>\n\n\t<\/div>\n\t<div class=\"bauer-spacer clearfix\" data-desktop=\"0\" data-mobi=\"40\" data-smobi=\"40\"><\/div><\/div><\/div><\/div><div class=\"wpb_column vc_column_container vc_col-sm-6\"><div class=\"vc_column-inner\"><div class=\"wpb_wrapper\"><div class=\"bauer-images-carousel  arrow-bottom has-borders has-arrows\" data-auto=\"true\" data-loop=\"false\" data-gap=\"0\" data-column=\"1\" data-column2=\"1\" data-column3=\"1\">\n        <div class=\"owl-carousel owl-theme\"><div class=\"item-wrap\"><img src=\"http:\/\/ecc-tunisia.com\/wp-content\/uploads\/2019\/05\/factory-img2.jpg\" alt=\"Image\"><\/div><div class=\"item-wrap\"><img src=\"http:\/\/ecc-tunisia.com\/wp-content\/uploads\/revslider\/slider-7\/slider-handy-bg3.jpg\" alt=\"Image\"><\/div><div class=\"item-wrap\"><img src=\"http:\/\/ecc-tunisia.com\/wp-content\/uploads\/revslider\/slider-7\/slider-handy-bg2.jpg\" alt=\"Image\"><\/div><div class=\"item-wrap\"><img src=\"http:\/\/ecc-tunisia.com\/wp-content\/uploads\/revslider\/slider-7\/slider-bg1.jpg\" alt=\"Image\"><\/div><div class=\"item-wrap\"><img src=\"http:\/\/ecc-tunisia.com\/wp-content\/uploads\/revslider\/slider-6\/slider-factory-bg2.jpg\" alt=\"Image\"><\/div><\/div><\/div><\/div><\/div><\/div><\/div><\/div><\/div>\n\t<div class=\"bauer-spacer clearfix\" data-desktop=\"100\" data-mobi=\"60\" data-smobi=\"60\"><\/div><\/div><\/div><\/div><\/div><\/div><\/section><\/div><div class=\"vc-custom-col-spacing clearfix vc-col-spacing-30\"><section class=\"wpb_row vc_row-fluid vc_custom_1558162754083 vc_row-has-fill\"><div class=\"bauer-container\"><div class=\"row-inner clearfix\"><div class=\"wpb_column vc_column_container vc_col-sm-12\"><div class=\"vc_column-inner\"><div class=\"wpb_wrapper\">\n\t<div class=\"bauer-spacer clearfix\" data-desktop=\"100\" data-mobi=\"60\" data-smobi=\"60\"><\/div><h2 class=\"bauer-text clearfix text-center\" style=\"font-size:42px;line-height:50px;color:#ffffff;margin-bottom:30px;\"><p><span class=\"font-weight-300\">We take care of the<\/span> environment<\/p>\n<\/h2><div class=\"bauer-text clearfix text-center\" style=\"font-size:18px;line-height:30px;color:#cacaca;max-width:950px;margin-left: auto; margin-right: auto;\"><p>We have a commitment to the community and the environment in each of the regions<br \/>\nwhere we carry out our production activities. We take care of natural resources<br \/>\nand protect native ecosystems.<\/p>\n<\/div>\n\t<div class=\"bauer-spacer clearfix\" data-desktop=\"50\" data-mobi=\"30\" data-smobi=\"30\"><\/div>\n\t<div class=\"bauer-spacer clearfix\" data-desktop=\"100\" data-mobi=\"60\" data-smobi=\"60\"><\/div><\/div><\/div><\/div><\/div><\/div><\/section><\/div><div class=\"vc-custom-col-spacing clearfix vc-col-spacing-30\"><section class=\"wpb_row vc_row-fluid vc_custom_1558786805956 vc_row-has-fill\"><div class=\"bauer-container\"><div class=\"row-inner clearfix\"><div class=\"wpb_column vc_column_container vc_col-sm-12\"><div class=\"vc_column-inner\"><div class=\"wpb_wrapper\">\n\t<div class=\"bauer-spacer clearfix\" data-desktop=\"94\" data-mobi=\"60\" data-smobi=\"60\"><\/div><\/div><\/div><\/div><\/div><\/div><\/section><\/div><div class=\"vc-custom-col-spacing clearfix vc-col-spacing-30\"><section class=\"wpb_row vc_row-fluid vc_custom_1558163011121 vc_row-has-fill\"><div class=\"bauer-container\"><div class=\"row-inner clearfix\"><div class=\"wpb_column vc_column_container vc_col-sm-12\"><div class=\"vc_column-inner\"><div class=\"wpb_wrapper\">\n\t<div class=\"bauer-spacer clearfix\" data-desktop=\"100\" data-mobi=\"60\" data-smobi=\"60\"><\/div><div class=\"bauer-content-box clearfix\" ><div class=\"vc-custom-col-inner-spacing clearfix vc-col-inner-spacing-100\"><div class=\"wpb_row vc_inner vc_row-fluid\"><div class=\"wpb_column vc_column_container vc_col-sm-6\"><div class=\"vc_column-inner\"><div class=\"wpb_wrapper\"><div class=\"bauer-content-box clearfix\" data-padding=\"47px 50px 94px 50px\" data-mobipadding=\"40px\" data-margin=\"\" data-mobimargin=\"\" >\n\t\t<div class=\"inner ctb-331012827\" style=\"\"  data-background=\"rgba(3,15,39,0.6)\" data-rounded=\"5px\" data-border-color=\"rgba(231,231,231,0.3)\" data-border-width=\"1px\">\n\t\t\t<h2 class=\"bauer-text clearfix\" style=\"font-size:42px;color:#f2f2f2;margin-bottom:8px;\"><p><span class=\"font-weight-300\">Prenez<\/span> contact avec nous<\/p>\n<\/h2><div class=\"bauer-text clearfix\" style=\"color:#f2f2f2;margin-bottom:25px;\"><p>Si vous avez des questions ou des id\u00e9es \u00e0 partager, envoyez un message. Pour toute information plus sp\u00e9cifique, veuillez utiliser l'une des adresses ci-dessous.<\/p>\n<\/div><div class=\"bauer-grid-box clearfix grid2 border-light v-30 h-25 no-borders\" data-grid=\"2\" >\n\t\t<div class=\"bauer-text clearfix\" style=\"color:#f2f2f2;\"><p><span class=\"font-weight-500 text-white\">Bauer Internation<\/span><br \/>\n<span style=\"color: #8a99c0;\">112 W 34th St, New York<\/span><br \/>\n<span class=\"fas fa-map-marker-alt text-accent-color\" style=\"padding-right: 3px;\"><\/span> <span class=\"text-accent-color font-weight-600\"><a href=\"#\" class=\"hover-white\">Find Us on Map<\/a><\/span><\/p>\n<\/div><div class=\"bauer-text clearfix\" style=\"color:#f2f2f2;\"><p><span class=\"font-weight-500 text-white\">Bauer Europe<\/span><br \/>\n<span style=\"color: #8a99c0;\">Torre NN, Barcelona<\/span><br \/>\n<span class=\"fas fa-map-marker-alt text-accent-color\" style=\"padding-right: 3px;\"><\/span> <span class=\"text-accent-color font-weight-600\"><a href=\"#\" class=\"hover-white\">Find Us on Map<\/a><\/span><\/p>\n<\/div><div class=\"bauer-text clearfix\" style=\"color:#f2f2f2;\"><p><span class=\"font-weight-500 text-white\">Support<\/span><br \/>\n<span class=\"fas fa-phone\" style=\"padding-right: 5px; color: #8a99c0;\"><\/span> <span class=\"font-weight-600\" style=\"color: #8a99c0;\">+1 212-946-2707<\/span><\/p>\n<\/div><div class=\"bauer-text clearfix\" style=\"color:#f2f2f2;\"><p><span class=\"font-weight-500 text-white\">Commercial<\/span><br \/>\n<span class=\"fas fa-phone\" style=\"padding-right: 5px; color: #8a99c0;\"><\/span> <span class=\"font-weight-600\" style=\"color: #8a99c0;\">+1 212-946-2703<\/span><\/p>\n<\/div><div class=\"bauer-text clearfix\" style=\"color:#f2f2f2;\"><p><span class=\"font-weight-500 text-white\">Press<\/span><br \/>\n<span class=\"fas fa-phone\" style=\"padding-right: 3px; color: #8a99c0;\"><\/span> <span class=\"font-weight-600\" style=\"color: #8a99c0;\">+1 212-946-2000<\/span><\/p>\n<\/div><div class=\"bauer-text clearfix\" style=\"color:#f2f2f2;\"><p><span class=\"font-weight-500 text-white\">Sales Enquiries<\/span><br \/>\n<span class=\"fas fa-phone\" style=\"padding-right: 3px; color: #8a99c0;\"><\/span> <span class=\"font-weight-600\" style=\"color: #8a99c0;\">+1 212-946-2704<\/span><\/p>\n<\/div><div class=\"bauer-text clearfix\" style=\"color:#f2f2f2;\"><p><span class=\"font-weight-500 text-white\">Notre Email<\/span><br \/>\n<span class=\"fas fa-envelope text-accent-color\" style=\"padding-right: 5px;\"><\/span> <span class=\"font-weight-600 text-accent-color\">info@BauerX.com<\/span><\/p>\n<\/div>\n\n\t<\/div>\n\t\t<\/div>\n\t<\/div>\n\t<div class=\"bauer-spacer clearfix\" data-desktop=\"0\" data-mobi=\"40\" data-smobi=\"40\"><\/div><\/div><\/div><\/div><div class=\"wpb_column vc_column_container vc_col-sm-6\"><div class=\"vc_column-inner\"><div class=\"wpb_wrapper\"><div class=\"bauer-content-box clearfix\" data-padding=\"53px 35px 60px 35px\" data-mobipadding=\"50px 35px 50px 35px\" data-margin=\"\" data-mobimargin=\"\" >\n\t\t<div class=\"inner ctb-1875028804\" style=\"background:url(http:\/\/ecc-tunisia.com\/wp-content\/uploads\/2019\/05\/section-img.png) left top no-repeat;background-size:cover;\"  data-background=\"#f7f9fa\" data-rounded=\"5px\" data-border-width=\"1px\">\n\t\t\t<div class=\"bauer-headings clearfix text-center\" data-font=\"22\" style=\"\"><h2 class=\"heading clearfix\" style=\"margin-bottom:15px;font-size:22px;\">\n\t\tParlons de votre projet\n\t<\/h2><p class=\"sub-heading clearfix\" style=\"font-style:normal;max-width:400px;margin-left: auto; margin-right: auto;\">\n\t\tUne fois que nous aurons obtenu certaines informations de votre part, nous organiserons une r\u00e9union pour discuter de votre projet plus en d\u00e9tail.\n\t<\/p><\/div>\n\t<div class=\"bauer-spacer clearfix\" data-desktop=\"32\" data-mobi=\"32\" data-smobi=\"32\"><\/div>\n<div class=\"wpcf7 no-js\" id=\"wpcf7-f4437-o1\" lang=\"en-US\" dir=\"ltr\">\n<div class=\"screen-reader-response\"><p role=\"status\" aria-live=\"polite\" aria-atomic=\"true\"><\/p> <ul><\/ul><\/div>\n<form action=\"\/fr\/wp-json\/wp\/v2\/pages\/8427#wpcf7-f4437-o1\" method=\"post\" class=\"wpcf7-form init\" aria-label=\"Contact form\" novalidate=\"novalidate\" data-status=\"init\" data-trp-original-action=\"\/fr\/wp-json\/wp\/v2\/pages\/8427#wpcf7-f4437-o1\">\n<div style=\"display: none;\">\n<input type=\"hidden\" name=\"_wpcf7\" value=\"4437\" \/>\n<input type=\"hidden\" name=\"_wpcf7_version\" value=\"5.7.7\" \/>\n<input type=\"hidden\" name=\"_wpcf7_locale\" value=\"en_US\" \/>\n<input type=\"hidden\" name=\"_wpcf7_unit_tag\" value=\"wpcf7-f4437-o1\" \/>\n<input type=\"hidden\" name=\"_wpcf7_container_post\" value=\"0\" \/>\n<input type=\"hidden\" name=\"_wpcf7_posted_data_hash\" value=\"\" \/>\n<\/div>\n<div class=\"cf7-style-1\">\n\t<div class=\"name-wrap\">\n\t\t<p><span class=\"wpcf7-form-control-wrap\" data-name=\"your-name\"><input size=\"40\" class=\"wpcf7-form-control wpcf7-text wpcf7-validates-as-required\" aria-required=\"true\" aria-invalid=\"false\" placeholder=\"Nom\" value=\"\" type=\"text\" name=\"your-name\" \/><\/span>\n\t\t<\/p>\n\t<\/div>\n\t<div class=\"email-wrap\">\n\t\t<p><span class=\"wpcf7-form-control-wrap\" data-name=\"your-email\"><input size=\"40\" class=\"wpcf7-form-control wpcf7-text wpcf7-email wpcf7-validates-as-required wpcf7-validates-as-email\" aria-required=\"true\" aria-invalid=\"false\" placeholder=\"Email\" value=\"\" type=\"email\" name=\"your-email\" \/><\/span>\n\t\t<\/p>\n\t<\/div>\n\t<div class=\"message-wrap\">\n\t\t<p><span class=\"wpcf7-form-control-wrap\" data-name=\"your-message\"><textarea cols=\"40\" rows=\"10\" class=\"wpcf7-form-control wpcf7-textarea\" aria-invalid=\"false\" placeholder=\"Massage\" name=\"your-message\"><\/textarea><\/span>\n\t\t<\/p>\n\t<\/div>\n\t<div class=\"submit-wrap\">\n\t\t<p><span><input class=\"wpcf7-form-control has-spinner wpcf7-submit\" type=\"submit\" value=\"SOUMETTRE\" \/><\/span>\n\t\t<\/p>\n\t<\/div>\n<\/div><div class=\"wpcf7-response-output\" aria-hidden=\"true\"><\/div>\n<input type=\"hidden\" name=\"trp-form-language\" value=\"fr\"\/><\/form>\n<\/div>\n\n\t\t<\/div>\n\t<\/div><\/div><\/div><\/div><\/div><\/div><\/div>\n\t<div class=\"bauer-spacer clearfix\" data-desktop=\"100\" data-mobi=\"60\" data-smobi=\"60\"><\/div><\/div><\/div><\/div><\/div><\/div><\/section><\/div>","protected":false},"excerpt":{"rendered":"Our Project DEVELOPING A VERY STRONG EXPERTISE Industrial Solutions for process improvements All our power plants are equipped with telemonitoring and monitoring systems that allow to control real-time production and to detect any failure. 10 Years of Experience 30+ Worldwide Branches 1000 Industries Served 707 Factories Built We take care","protected":false},"author":1,"featured_media":0,"parent":0,"menu_order":0,"comment_status":"closed","ping_status":"closed","template":"","meta":[],"_links":{"self":[{"href":"http:\/\/ecc-tunisia.com\/fr\/wp-json\/wp\/v2\/pages\/8427"}],"collection":[{"href":"http:\/\/ecc-tunisia.com\/fr\/wp-json\/wp\/v2\/pages"}],"about":[{"href":"http:\/\/ecc-tunisia.com\/fr\/wp-json\/wp\/v2\/types\/page"}],"author":[{"embeddable":true,"href":"http:\/\/ecc-tunisia.com\/fr\/wp-json\/wp\/v2\/users\/1"}],"replies":[{"embeddable":true,"href":"http:\/\/ecc-tunisia.com\/fr\/wp-json\/wp\/v2\/comments?post=8427"}],"version-history":[{"count":4,"href":"http:\/\/ecc-tunisia.com\/fr\/wp-json\/wp\/v2\/pages\/8427\/revisions"}],"predecessor-version":[{"id":9921,"href":"http:\/\/ecc-tunisia.com\/fr\/wp-json\/wp\/v2\/pages\/8427\/revisions\/9921"}],"wp:attachment":[{"href":"http:\/\/ecc-tunisia.com\/fr\/wp-json\/wp\/v2\/media?parent=8427"}],"curies":[{"name":"wp","href":"https:\/\/api.w.org\/{rel}","templated":true}]}}