{"id":1339,"date":"2017-10-16T13:54:07","date_gmt":"2017-10-16T13:54:07","guid":{"rendered":"http:\/\/ninzio.com\/bauer\/?page_id=1339"},"modified":"2023-06-13T11:04:52","modified_gmt":"2023-06-13T11:04:52","slug":"contact-us","status":"publish","type":"page","link":"http:\/\/ecc-tunisia.com\/fr\/contact-us\/","title":{"rendered":"Contactez-nous"},"content":{"rendered":"<div class=\"vc-custom-col-spacing clearfix vc-col-spacing-30\"><section class=\"wpb_row vc_row-fluid vc_custom_1558796213746 vc_row-has-fill\"><div class=\"bauer-container\"><div class=\"row-inner clearfix\"><div class=\"wpb_column vc_column_container vc_col-sm-12\"><div class=\"vc_column-inner\"><div class=\"wpb_wrapper\">\n\t<div class=\"bauer-spacer clearfix\" data-desktop=\"100\" data-mobi=\"60\" data-smobi=\"60\"><\/div><div class=\"bauer-single-heading clearfix text-center\" style=\"margin-bottom:40px;\"><span class=\"inner\"><span class=\"heading clearfix\" style=\"font-weight:400;color:#777777;font-size:35px;\">\n\t\tNOUS AVONS CONSTRUIT DES CHOSES DIFF\u00c9RENTES\n\t<\/span><\/span><\/div><div class=\"bauer-content-box clearfix\" ><div class=\"vc-custom-col-inner-spacing clearfix vc-col-inner-spacing-65\"><div class=\"wpb_row vc_inner vc_row-fluid vc_custom_1596956006585 vc_row-has-fill\"><div class=\"wpb_column vc_column_container vc_col-sm-6\"><div class=\"vc_column-inner\"><div class=\"wpb_wrapper\">\n\t<div class=\"bauer-spacer clearfix\" data-desktop=\"45\" data-mobi=\"40\" data-smobi=\"40\"><\/div><h2 class=\"bauer-text clearfix\" style=\"font-size:42px;line-height:50px;margin-bottom:32px;\"><p><span class=\"font-weight-300\">Notre<\/span> endroit<\/p>\n<\/h2>\n<script type=\"text\/javascript\">\n    var places = [[36.836696, 10.163930]];\n\n    function bauer_vc_gmap() {\n        var mapOptions = {\n            scrollwheel: false,\n            draggable: true,\n            zoom: 14,\n            center: new google.maps.LatLng(36.836696, 10.163930),\n            mapTypeControlOptions: {\n                mapTypeIds: [google.maps.MapTypeId.ROADMAP, \"map_style\"]\n            }\n        }\n\n        var map = new google.maps.Map(document.getElementById(\"map_69edceb0e1e20\"), mapOptions);\n       \n        setMarkers(map, places);\n    }\n\n    function setMarkers(map, locations) {\n        for (var i = 0; i < locations.length; i++) {\n            var place = locations[i];\n            var myLatLng = new google.maps.LatLng(place[0], place[1]);\n            var marker = new google.maps.Marker( {\n                position: myLatLng,\n                map: map,\n                icon: \"\",\n                zIndex: place[2],\n                animation: google.maps.Animation.DROP\n            });\n\n            google.maps.event.addListener(marker, \"click\", function () {\n                infowindow.setContent(decodeURIComponent(this.html));\n                infowindow.open(map, this);\n            });\n        }\n    }\n\n    google.maps.event.addDomListener(window, \"load\", bauer_vc_gmap);\n<\/script><div id=\"map_69edceb0e1e20\" class=\"bauer-google-map\" style=\"width:600px;height:400px;\"><\/div><\/div><\/div><\/div><div class=\"wpb_column vc_column_container vc_col-sm-6\"><div class=\"vc_column-inner\"><div class=\"wpb_wrapper\">\n\t<div class=\"bauer-spacer clearfix\" data-desktop=\"45\" data-mobi=\"0\" data-smobi=\"0\"><\/div><h2 class=\"bauer-text clearfix\" style=\"font-size:42px;line-height:50px;margin-bottom:32px;\"><p><span class=\"font-weight-300\">Travaillons<\/span> ensemble<\/p>\n<\/h2><div class=\"bauer-text clearfix\" style=\"font-size:18px;line-height:30px;color:#414042;margin-bottom:40px;\"><p>Engineering &amp; Construction Company (ECC) est une entreprise de construction \u00e0 service complet offrant des solutions de construction du d\u00e9but \u00e0 la fin. Notre personnel existe depuis plus de dix ans.<\/p>\n<\/div><div class=\"bauer-grid-box clearfix grid2 border-light v-30 h-0 no-borders\" data-grid=\"2\" >\n\t\t<div class=\"bauer-icon-box clearfix icon-left align-left  simple\" style=\"background-color:#ffffff;padding:22px 25px 22px 25px;border-radius:5px;border:1px solid #e7e7e7;\" ><div class=\"wrap-inner\" style=\"position: relative;\"><div class=\"bauer-icon icon-1499362592 custom accent-bg\"  data-icon=\"#ffffff\">\n\t\t\t\t<span class=\"icon\" style=\"font-size:18px;width:42px;height:42px;border-style:solid;border-radius:21px;line-height:44px; box-shadow: 0px 0px 0px 4px rgba(243,92,39,0.2)\"><i class=\"elegant-icon_phone\"><\/i><\/span>\n\t\t\t<\/div> <h3 class=\"heading\" style=\"padding-left:59px;color:#777777;font-size:15px;line-height:20px;\">\n\t\t\t<span>Appelez-nous<\/span>\n\t\t<\/h3><div class=\"desc\" style=\"padding-left:59px;\"><p>+ 216 71 793 818<\/p>\n<\/div> <\/div><\/div><div class=\"bauer-icon-box clearfix icon-left align-left  simple\" style=\"background-color:#ffffff;padding:22px 25px 22px 25px;border-radius:5px;border:1px solid #e7e7e7;\" ><div class=\"wrap-inner\" style=\"position: relative;\"><div class=\"bauer-icon icon-753746443 custom accent-bg\"  data-icon=\"#ffffff\">\n\t\t\t\t<span class=\"icon\" style=\"font-size:18px;width:42px;height:42px;border-style:solid;border-radius:21px;line-height:44px; box-shadow: 0px 0px 0px 4px rgba(243,92,39,0.2)\"><i class=\"elegant-icon_printer-alt\"><\/i><\/span>\n\t\t\t<\/div> <h3 class=\"heading\" style=\"padding-left:59px;color:#777777;font-size:15px;line-height:20px;\">\n\t\t\t<span>Notre Fax<\/span>\n\t\t<\/h3><div class=\"desc\" style=\"padding-left:59px;\"><p><span class=\"text-accent-color font-weight-500 underline-dashed\">+216 71 793 814<\/span><\/p>\n<\/div> <\/div><\/div>\n\n\t<\/div>\n\t<div class=\"bauer-spacer clearfix\" data-desktop=\"50\" data-mobi=\"10\" data-smobi=\"10\"><\/div><\/div><\/div><\/div><\/div><\/div><\/div>\n\t<div class=\"bauer-spacer clearfix\" data-desktop=\"100\" data-mobi=\"50\" data-smobi=\"50\"><\/div><\/div><\/div><\/div><\/div><\/div><\/section><\/div><div class=\"vc-custom-col-spacing clearfix vc-col-spacing-30\"><section class=\"wpb_row vc_row-fluid vc_custom_1558796508444 vc_row-has-fill\"><div class=\"bauer-container\"><div class=\"row-inner clearfix\"><div class=\"wpb_column vc_column_container vc_col-sm-12\"><div class=\"vc_column-inner\"><div class=\"wpb_wrapper\">\n\t<div class=\"bauer-spacer clearfix\" data-desktop=\"100\" data-mobi=\"60\" data-smobi=\"60\"><\/div><div class=\"bauer-content-box clearfix\" ><div class=\"vc-custom-col-inner-spacing clearfix vc-col-inner-spacing-100\"><div class=\"wpb_row vc_inner vc_row-fluid\"><div class=\"wpb_column vc_column_container vc_col-sm-6\"><div class=\"vc_column-inner\"><div class=\"wpb_wrapper\"><div class=\"bauer-content-box clearfix\" data-padding=\"47px 50px 94px 50px\" data-mobipadding=\"40px\" data-margin=\"\" data-mobimargin=\"\" >\n\t\t<div class=\"inner ctb-1685458790\" style=\"\"  data-background=\"rgba(3,15,39,0.6)\" data-rounded=\"5px\" data-border-color=\"rgba(231,231,231,0.3)\" data-border-width=\"1px\">\n\t\t\t<h2 class=\"bauer-text clearfix\" style=\"font-size:42px;color:#f2f2f2;margin-bottom:8px;\"><p><span class=\"font-weight-300\">Prenez<\/span> contact avec nous<\/p>\n<\/h2><div class=\"bauer-text clearfix\" style=\"color:#f2f2f2;margin-bottom:25px;\"><p>Si vous avez des questions ou des id\u00e9es \u00e0 partager, envoyez un message. Pour toute information plus sp\u00e9cifique, veuillez utiliser l'une des adresses ci-dessous.<\/p>\n<\/div><div class=\"bauer-grid-box clearfix grid2 border-light v-30 h-25 no-borders\" data-grid=\"2\" >\n\t\t<div class=\"bauer-text clearfix\" style=\"color:#f2f2f2;\"><p><span class=\"font-weight-500 text-white\">Engineering &amp; Construction Company<br \/>\n<\/span><br \/>\n<span style=\"color: #8a99c0;\">4, Rue Sophonisbe Notre Dame 1002 Tunis, Tunisia<\/span><br \/>\n<span class=\"fas fa-map-marker-alt text-accent-color\" style=\"padding-right: 3px;\"><\/span> <span class=\"text-accent-color font-weight-600\"><\/span><\/p>\n<\/div><div class=\"bauer-text clearfix\" style=\"color:#f2f2f2;\"><p><span>Phone : + 216 71 79 38 18<\/span><br \/>\n<span>Fax\u00a0 \u00a0 \u00a0 : + 216 71 79 38 14<\/span><\/p>\n<\/div>\n\n\t<\/div><div class=\"bauer-text clearfix\" style=\"color:#f2f2f2;\"><p><span class=\"font-weight-500 text-white\">Notre Email<\/span><br \/>\n<span class=\"font-weight-600 text-accent-color\">contact@ecc-tunisia.com<\/span><\/p>\n<\/div>\n\t\t<\/div>\n\t<\/div>\n\t<div class=\"bauer-spacer clearfix\" data-desktop=\"0\" data-mobi=\"40\" data-smobi=\"40\"><\/div><\/div><\/div><\/div><div class=\"wpb_column vc_column_container vc_col-sm-6\"><div class=\"vc_column-inner\"><div class=\"wpb_wrapper\"><div class=\"bauer-content-box clearfix\" data-padding=\"53px 35px 60px 35px\" data-mobipadding=\"50px 35px 50px 35px\" data-margin=\"\" data-mobimargin=\"\" >\n\t\t<div class=\"inner ctb-40257595\" style=\"\"  data-background=\"#f7f9fa\" data-rounded=\"5px\" data-border-width=\"1px\">\n\t\t\t<div class=\"bauer-headings clearfix text-center\" data-font=\"22\" style=\"\"><h2 class=\"heading clearfix\" style=\"margin-bottom:15px;font-size:22px;\">\n\t\tParlons de votre projet\n\t<\/h2><p class=\"sub-heading clearfix\" style=\"font-style:normal;max-width:400px;margin-left: auto; margin-right: auto;\">\n\t\tUne fois que nous aurons obtenu certaines informations de votre part, nous organiserons une r\u00e9union pour discuter de votre projet plus en d\u00e9tail.\n\t<\/p><\/div>\n\t<div class=\"bauer-spacer clearfix\" data-desktop=\"32\" data-mobi=\"32\" data-smobi=\"32\"><\/div>\n<div class=\"wpcf7 no-js\" id=\"wpcf7-f4437-o1\" lang=\"en-US\" dir=\"ltr\">\n<div class=\"screen-reader-response\"><p role=\"status\" aria-live=\"polite\" aria-atomic=\"true\"><\/p> <ul><\/ul><\/div>\n<form action=\"\/fr\/wp-json\/wp\/v2\/pages\/1339#wpcf7-f4437-o1\" method=\"post\" class=\"wpcf7-form init\" aria-label=\"Contact form\" novalidate=\"novalidate\" data-status=\"init\" data-trp-original-action=\"\/fr\/wp-json\/wp\/v2\/pages\/1339#wpcf7-f4437-o1\">\n<div style=\"display: none;\">\n<input type=\"hidden\" name=\"_wpcf7\" value=\"4437\" \/>\n<input type=\"hidden\" name=\"_wpcf7_version\" value=\"5.7.7\" \/>\n<input type=\"hidden\" name=\"_wpcf7_locale\" value=\"en_US\" \/>\n<input type=\"hidden\" name=\"_wpcf7_unit_tag\" value=\"wpcf7-f4437-o1\" \/>\n<input type=\"hidden\" name=\"_wpcf7_container_post\" value=\"0\" \/>\n<input type=\"hidden\" name=\"_wpcf7_posted_data_hash\" value=\"\" \/>\n<\/div>\n<div class=\"cf7-style-1\">\n\t<div class=\"name-wrap\">\n\t\t<p><span class=\"wpcf7-form-control-wrap\" data-name=\"your-name\"><input size=\"40\" class=\"wpcf7-form-control wpcf7-text wpcf7-validates-as-required\" aria-required=\"true\" aria-invalid=\"false\" placeholder=\"Nom\" value=\"\" type=\"text\" name=\"your-name\" \/><\/span>\n\t\t<\/p>\n\t<\/div>\n\t<div class=\"email-wrap\">\n\t\t<p><span class=\"wpcf7-form-control-wrap\" data-name=\"your-email\"><input size=\"40\" class=\"wpcf7-form-control wpcf7-text wpcf7-email wpcf7-validates-as-required wpcf7-validates-as-email\" aria-required=\"true\" aria-invalid=\"false\" placeholder=\"Email\" value=\"\" type=\"email\" name=\"your-email\" \/><\/span>\n\t\t<\/p>\n\t<\/div>\n\t<div class=\"message-wrap\">\n\t\t<p><span class=\"wpcf7-form-control-wrap\" data-name=\"your-message\"><textarea cols=\"40\" rows=\"10\" class=\"wpcf7-form-control wpcf7-textarea\" aria-invalid=\"false\" placeholder=\"Massage\" name=\"your-message\"><\/textarea><\/span>\n\t\t<\/p>\n\t<\/div>\n\t<div class=\"submit-wrap\">\n\t\t<p><span><input class=\"wpcf7-form-control has-spinner wpcf7-submit\" type=\"submit\" value=\"SOUMETTRE\" \/><\/span>\n\t\t<\/p>\n\t<\/div>\n<\/div><div class=\"wpcf7-response-output\" aria-hidden=\"true\"><\/div>\n<input type=\"hidden\" name=\"trp-form-language\" value=\"fr\"\/><\/form>\n<\/div>\n\n\t\t<\/div>\n\t<\/div><\/div><\/div><\/div><\/div><\/div><\/div>\n\t<div class=\"bauer-spacer clearfix\" data-desktop=\"100\" data-mobi=\"60\" data-smobi=\"60\"><\/div><\/div><\/div><\/div><\/div><\/div><\/section><\/div>","protected":false},"excerpt":{"rendered":"WE BUILD THINGS DIFFERENTLY Our Place Let\u2019s work together Engineering &amp; Construction Company(ECC) is a full service construction company offering building solutions from start to finish. Our staff has been operating for more than ten years. Call Us + 216 71 793 818 Our Fax +216 71 793 814 Get","protected":false},"author":1,"featured_media":0,"parent":0,"menu_order":0,"comment_status":"closed","ping_status":"closed","template":"","meta":[],"_links":{"self":[{"href":"http:\/\/ecc-tunisia.com\/fr\/wp-json\/wp\/v2\/pages\/1339"}],"collection":[{"href":"http:\/\/ecc-tunisia.com\/fr\/wp-json\/wp\/v2\/pages"}],"about":[{"href":"http:\/\/ecc-tunisia.com\/fr\/wp-json\/wp\/v2\/types\/page"}],"author":[{"embeddable":true,"href":"http:\/\/ecc-tunisia.com\/fr\/wp-json\/wp\/v2\/users\/1"}],"replies":[{"embeddable":true,"href":"http:\/\/ecc-tunisia.com\/fr\/wp-json\/wp\/v2\/comments?post=1339"}],"version-history":[{"count":10,"href":"http:\/\/ecc-tunisia.com\/fr\/wp-json\/wp\/v2\/pages\/1339\/revisions"}],"predecessor-version":[{"id":9967,"href":"http:\/\/ecc-tunisia.com\/fr\/wp-json\/wp\/v2\/pages\/1339\/revisions\/9967"}],"wp:attachment":[{"href":"http:\/\/ecc-tunisia.com\/fr\/wp-json\/wp\/v2\/media?parent=1339"}],"curies":[{"name":"wp","href":"https:\/\/api.w.org\/{rel}","templated":true}]}}