{"id":1326,"date":"2017-10-16T13:06:09","date_gmt":"2017-10-16T13:06:09","guid":{"rendered":"http:\/\/ninzio.com\/bauer\/?page_id=1326"},"modified":"2020-08-13T06:15:42","modified_gmt":"2020-08-13T06:15:42","slug":"services","status":"publish","type":"page","link":"http:\/\/ecc-tunisia.com\/fr\/services\/","title":{"rendered":"Services"},"content":{"rendered":"<div class=\"vc-custom-col-spacing clearfix vc-col-spacing-30\"><section class=\"wpb_row vc_row-fluid has-scroll-arrow\"><div class=\"bauer-container\"><div class=\"row-inner clearfix\"><div class=\"wpb_column vc_column_container vc_col-sm-4\"><div class=\"vc_column-inner\"><div class=\"wpb_wrapper\"><div class=\"bauer-content-box clearfix\" data-padding=\"\" data-mobipadding=\"\" data-margin=\"-220px 0px 0px 0px\" data-mobimargin=\"-150px 0px 0px 0px\" >\n\t\t<div class=\"inner ctb-699824304\" style=\"\"  data-background=\"#ffffff\" data-rounded=\"5px\" data-shadow=\" 2px 0px 20px 0px rgba(3,15,39,0.07)\">\n\t\t\t<div class=\"bauer-image-box clearfix style-1 text-center\" style=\"\" >\n        <div class=\"item\">\n            <div class=\"inner\">\n                <div class=\"thumb\" style=\"\"><img width=\"450\" height=\"160\" src=\"http:\/\/ecc-tunisia.com\/wp-content\/uploads\/2019\/05\/service1-3.jpg\" class=\"attachment-full size-full\" alt=\"\" decoding=\"async\" loading=\"lazy\" srcset=\"http:\/\/ecc-tunisia.com\/wp-content\/uploads\/2019\/05\/service1-3.jpg 450w, http:\/\/ecc-tunisia.com\/wp-content\/uploads\/2019\/05\/service1-3-300x107.jpg 300w\" sizes=\"(max-width: 450px) 100vw, 450px\" \/> <\/div>\n                <div class=\"text-wrap\" style=\" padding:43px 30px 43px 30px;\">\n                    <h3 class=\"title\" style=\"font-size:22px;color:#1b1b1b;margin-bottom:15px;\">\n            Design d'int\u00e9rieur\n        <\/h3>  <div class=\"url-wrap\">\n            <a href=\"https:\/\/ninzio.com\/bauer\/services\/\" target=\"_self\" class=\"bauer-links link-style-1\" style=\"color:#7a7c7f;\">\n                <span class=\"text\">Read More<\/span>\n            <\/a>\n        <\/div>\n                <\/div>\n                \n            <\/div>\n        <\/div>\n    <\/div>\n\t\t<\/div>\n\t<\/div>\n\t<div class=\"bauer-spacer clearfix\" data-desktop=\"0\" data-mobi=\"230\" data-smobi=\"230\"><\/div><\/div><\/div><\/div><div class=\"wpb_column vc_column_container vc_col-sm-4\"><div class=\"vc_column-inner\"><div class=\"wpb_wrapper\"><div class=\"bauer-content-box clearfix\" data-padding=\"\" data-mobipadding=\"\" data-margin=\"-220px 0px 0px 0px\" data-mobimargin=\"-150px 0px 0px 0px\" >\n\t\t<div class=\"inner ctb-133335753\" style=\"\"  data-background=\"#ffffff\" data-rounded=\"5px\" data-shadow=\" 2px 0px 20px 0px rgba(3,15,39,0.07)\">\n\t\t\t<div class=\"bauer-image-box clearfix style-1 text-center\" style=\"\" >\n        <div class=\"item\">\n            <div class=\"inner\">\n                <div class=\"thumb\" style=\"\"><img width=\"450\" height=\"160\" src=\"http:\/\/ecc-tunisia.com\/wp-content\/uploads\/2019\/05\/service2-3.jpg\" class=\"attachment-full size-full\" alt=\"\" decoding=\"async\" loading=\"lazy\" srcset=\"http:\/\/ecc-tunisia.com\/wp-content\/uploads\/2019\/05\/service2-3.jpg 450w, http:\/\/ecc-tunisia.com\/wp-content\/uploads\/2019\/05\/service2-3-300x107.jpg 300w\" sizes=\"(max-width: 450px) 100vw, 450px\" \/> <\/div>\n                <div class=\"text-wrap\" style=\" padding:43px 30px 43px 30px;\">\n                    <h3 class=\"title\" style=\"font-size:22px;color:#1b1b1b;margin-bottom:15px;\">\n            Architecture\n        <\/h3>  <div class=\"url-wrap\">\n            <a href=\"https:\/\/ninzio.com\/bauer\/about-us\/\" target=\"_self\" class=\"bauer-links link-style-1\" style=\"color:#7a7c7f;\">\n                <span class=\"text\">Read More<\/span>\n            <\/a>\n        <\/div>\n                <\/div>\n                \n            <\/div>\n        <\/div>\n    <\/div>\n\t\t<\/div>\n\t<\/div>\n\t<div class=\"bauer-spacer clearfix\" data-desktop=\"0\" data-mobi=\"230\" data-smobi=\"230\"><\/div><\/div><\/div><\/div><div class=\"wpb_column vc_column_container vc_col-sm-4\"><div class=\"vc_column-inner\"><div class=\"wpb_wrapper\"><div class=\"bauer-content-box clearfix\" data-padding=\"\" data-mobipadding=\"\" data-margin=\"-220px 0px 0px 0px\" data-mobimargin=\"-150px 0px 0px 0px\" >\n\t\t<div class=\"inner ctb-1433362922\" style=\"\"  data-background=\"#ffffff\" data-rounded=\"5px\" data-shadow=\" 2px 0px 20px 0px rgba(3,15,39,0.07)\">\n\t\t\t<div class=\"bauer-image-box clearfix style-1 text-center\" style=\"\" >\n        <div class=\"item\">\n            <div class=\"inner\">\n                <div class=\"thumb\" style=\"\"><img width=\"450\" height=\"160\" src=\"http:\/\/ecc-tunisia.com\/wp-content\/uploads\/2019\/05\/service3-3.jpg\" class=\"attachment-full size-full\" alt=\"\" decoding=\"async\" loading=\"lazy\" srcset=\"http:\/\/ecc-tunisia.com\/wp-content\/uploads\/2019\/05\/service3-3.jpg 450w, http:\/\/ecc-tunisia.com\/wp-content\/uploads\/2019\/05\/service3-3-300x107.jpg 300w\" sizes=\"(max-width: 450px) 100vw, 450px\" \/> <\/div>\n                <div class=\"text-wrap\" style=\" padding:43px 30px 43px 30px;\">\n                    <h3 class=\"title\" style=\"font-size:22px;color:#1b1b1b;margin-bottom:15px;\">\n            Landscape Design\n        <\/h3>  <div class=\"url-wrap\">\n            <a href=\"https:\/\/ninzio.com\/bauer\/services\/\" target=\"_self\" class=\"bauer-links link-style-1\" style=\"color:#7a7c7f;\">\n                <span class=\"text\">Read More<\/span>\n            <\/a>\n        <\/div>\n                <\/div>\n                \n            <\/div>\n        <\/div>\n    <\/div>\n\t\t<\/div>\n\t<\/div><\/div><\/div><\/div><\/div><\/div><\/section><\/div><div class=\"vc-custom-col-spacing clearfix vc-col-spacing-30\"><section class=\"wpb_row vc_row-fluid vc_custom_1558770091626 vc_row-has-fill\"><div class=\"bauer-container\"><div class=\"row-inner clearfix\"><div class=\"wpb_column vc_column_container vc_col-sm-12\"><div class=\"vc_column-inner\"><div class=\"wpb_wrapper\"><div class=\"bauer-content-box clearfix\" ><div class=\"vc-custom-col-inner-spacing clearfix vc-col-inner-spacing-30\"><div class=\"wpb_row vc_inner vc_row-fluid\"><div class=\"wpb_column vc_column_container vc_col-sm-6\"><div class=\"vc_column-inner\"><div class=\"wpb_wrapper\">\n\t<div class=\"bauer-spacer clearfix\" data-desktop=\"94\" data-mobi=\"60\" data-smobi=\"60\"><\/div><h2 class=\"bauer-text clearfix\" style=\"font-size:42px;line-height:50px;margin-bottom:12px;\"><p><span class=\"font-weight-300\">How to<\/span> contact <span class=\"font-weight-300\">us<\/span><\/p>\n<\/h2><div class=\"bauer-text clearfix\" style=\"color:#030f27;\"><p>Si vous avez des questions ou des id\u00e9es \u00e0 partager, envoyez un message. Pour toute information plus sp\u00e9cifique, veuillez utiliser l'une des adresses ci-dessous.<\/p>\n<\/div>\n\t<div class=\"bauer-spacer clearfix\" data-desktop=\"60\" data-mobi=\"40\" data-smobi=\"40\"><\/div><div class=\"bauer-icon-box clearfix icon-left align-left  simple\" style=\"\" ><div class=\"wrap-inner\" style=\"position: relative;\"><div class=\"bauer-icon icon-2027863543 accent custom\"  data-background=\"rgba(243,92,39,0.2)\">\n\t\t\t\t<span class=\"icon\" style=\"font-size:32px;width:70px;height:70px;border-style:solid;border-radius:40px;line-height:74px;margin-top:4px; box-shadow: 0px 0px 0px 5px rgba(243,92,39,0.1)\"><i class=\"elegant-icon_pin_alt\"><\/i><\/span>\n\t\t\t<\/div> <h3 class=\"heading\" style=\"padding-left:100px;font-size:18px;margin-bottom:1px;\">\n\t\t\t<span>Our Location<\/span>\n\t\t<\/h3><div class=\"desc\" style=\"padding-left:100px;\"><div style=\"font-weight: 600; color: #8a99c0;\">112 W 34th St, New York<br \/>\n<a href=\"#\">Find Us on Map<\/a><\/div>\n<\/div> <\/div><\/div>\n\t<div class=\"bauer-spacer clearfix\" data-desktop=\"18\" data-mobi=\"18\" data-smobi=\"18\"><\/div><div class=\"bauer-divider divider-left divider-solid\" style=\"border-top-color:#e7e7e7;\"><\/div><div class=\"clearfix\"><\/div>\n\t<div class=\"bauer-spacer clearfix\" data-desktop=\"18\" data-mobi=\"18\" data-smobi=\"18\"><\/div><div class=\"bauer-icon-box clearfix icon-left align-left  simple\" style=\"\" ><div class=\"wrap-inner\" style=\"position: relative;\"><div class=\"bauer-icon icon-491732561 accent custom\"  data-background=\"rgba(243,92,39,0.2)\">\n\t\t\t\t<span class=\"icon\" style=\"font-size:32px;width:70px;height:70px;border-style:solid;border-radius:40px;line-height:74px;margin-top:4px; box-shadow: 0px 0px 0px 5px rgba(243,92,39,0.1)\"><i class=\"elegant-icon_phone\"><\/i><\/span>\n\t\t\t<\/div> <h3 class=\"heading\" style=\"padding-left:100px;font-size:18px;margin-bottom:1px;\">\n\t\t\t<span>Direct Line Numbers<\/span>\n\t\t<\/h3><div class=\"desc\" style=\"padding-left:100px;\"><div style=\"font-weight: 600; color: #8a99c0;\">+1 212-946-2000<br \/>\n+1 212-946-2707<\/div>\n<\/div> <\/div><\/div>\n\t<div class=\"bauer-spacer clearfix\" data-desktop=\"18\" data-mobi=\"18\" data-smobi=\"18\"><\/div><div class=\"bauer-divider divider-left divider-solid\" style=\"border-top-color:#e7e7e7;\"><\/div><div class=\"clearfix\"><\/div>\n\t<div class=\"bauer-spacer clearfix\" data-desktop=\"18\" data-mobi=\"18\" data-smobi=\"18\"><\/div><div class=\"bauer-icon-box clearfix icon-left align-left  simple\" style=\"\" ><div class=\"wrap-inner\" style=\"position: relative;\"><div class=\"bauer-icon icon-341311912 accent custom\"  data-background=\"rgba(243,92,39,0.2)\">\n\t\t\t\t<span class=\"icon\" style=\"font-size:32px;width:70px;height:70px;border-style:solid;border-radius:40px;line-height:74px;margin-top:4px; box-shadow: 0px 0px 0px 5px rgba(243,92,39,0.1)\"><i class=\"elegant-icon_mail_alt\"><\/i><\/span>\n\t\t\t<\/div> <h3 class=\"heading\" style=\"padding-left:100px;font-size:18px;margin-bottom:1px;\">\n\t\t\t<span>Notre Email<\/span>\n\t\t<\/h3><div class=\"desc\" style=\"padding-left:100px;\"><div style=\"font-weight: 600; color: #8a99c0;\">sales@BauerX.com<\/div>\n<div class=\"text-accent-color\" style=\"font-weight: 600;\">info@BauerX.com<\/div>\n<\/div> <\/div><\/div>\n\t<div class=\"bauer-spacer clearfix\" data-desktop=\"18\" data-mobi=\"18\" data-smobi=\"18\"><\/div><div class=\"bauer-divider divider-left divider-solid\" style=\"border-top-color:#e7e7e7;\"><\/div><div class=\"clearfix\"><\/div>\n\t<div class=\"bauer-spacer clearfix\" data-desktop=\"0\" data-mobi=\"50\" data-smobi=\"50\"><\/div><\/div><\/div><\/div><div class=\"wpb_column vc_column_container vc_col-sm-6\"><div class=\"vc_column-inner\"><div class=\"wpb_wrapper\"><div class=\"bauer-content-box clearfix\" data-padding=\"53px 35px 60px 35px\" data-mobipadding=\"50px 35px 50px 35px\" data-margin=\"-50px 0px 0px 0px\" data-mobimargin=\"0px 0px 0px 0px\" >\n\t\t<div class=\"inner ctb-96870883\" style=\"\"  data-background=\"#ffffff\" data-rounded=\"5px\" data-border-width=\"1px\" data-shadow=\" 0px 0px 20px 0px rgba(3,15,39,0.07)\">\n\t\t\t<div class=\"bauer-headings clearfix text-center\" data-font=\"22\" style=\"\"><h2 class=\"heading clearfix\" style=\"margin-bottom:15px;font-size:22px;\">\n\t\tFree handyman quote\n\t<\/h2><p class=\"sub-heading clearfix\" style=\"font-style:normal;max-width:400px;margin-left: auto; margin-right: auto;\">\n\t\tUne fois que nous aurons obtenu certaines informations de votre part, nous organiserons une r\u00e9union pour discuter de votre projet plus en d\u00e9tail.\n\t<\/p><\/div>\n\t<div class=\"bauer-spacer clearfix\" data-desktop=\"32\" data-mobi=\"32\" data-smobi=\"32\"><\/div>\n<div class=\"wpcf7 no-js\" id=\"wpcf7-f8421-o1\" lang=\"en-US\" dir=\"ltr\">\n<div class=\"screen-reader-response\"><p role=\"status\" aria-live=\"polite\" aria-atomic=\"true\"><\/p> <ul><\/ul><\/div>\n<form action=\"\/fr\/wp-json\/wp\/v2\/pages\/1326#wpcf7-f8421-o1\" method=\"post\" class=\"wpcf7-form init\" aria-label=\"Contact form\" novalidate=\"novalidate\" data-status=\"init\" data-trp-original-action=\"\/fr\/wp-json\/wp\/v2\/pages\/1326#wpcf7-f8421-o1\">\n<div style=\"display: none;\">\n<input type=\"hidden\" name=\"_wpcf7\" value=\"8421\" \/>\n<input type=\"hidden\" name=\"_wpcf7_version\" value=\"5.7.7\" \/>\n<input type=\"hidden\" name=\"_wpcf7_locale\" value=\"en_US\" \/>\n<input type=\"hidden\" name=\"_wpcf7_unit_tag\" value=\"wpcf7-f8421-o1\" \/>\n<input type=\"hidden\" name=\"_wpcf7_container_post\" value=\"0\" \/>\n<input type=\"hidden\" name=\"_wpcf7_posted_data_hash\" value=\"\" \/>\n<\/div>\n<div class=\"cf7-style-2\">\n\t<div class=\"name-wrap\">\n\t\t<p><span class=\"wpcf7-form-control-wrap\" data-name=\"your-name\"><input size=\"40\" class=\"wpcf7-form-control wpcf7-text wpcf7-validates-as-required\" aria-required=\"true\" aria-invalid=\"false\" placeholder=\"Nom\" value=\"\" type=\"text\" name=\"your-name\" \/><\/span>\n\t\t<\/p>\n\t<\/div>\n\t<div class=\"phone-wrap\">\n\t\t<p><span class=\"wpcf7-form-control-wrap\" data-name=\"your-phone\"><input size=\"40\" class=\"wpcf7-form-control wpcf7-text\" aria-invalid=\"false\" placeholder=\"Phone\" value=\"\" type=\"text\" name=\"your-phone\" \/><\/span>\n\t\t<\/p>\n\t<\/div>\n\t<div class=\"email-wrap\">\n\t\t<p><span class=\"wpcf7-form-control-wrap\" data-name=\"your-email\"><input size=\"40\" class=\"wpcf7-form-control wpcf7-text wpcf7-email wpcf7-validates-as-required wpcf7-validates-as-email\" aria-required=\"true\" aria-invalid=\"false\" placeholder=\"Email\" value=\"\" type=\"email\" name=\"your-email\" \/><\/span>\n\t\t<\/p>\n\t<\/div>\n\t<div class=\"subject-wrap\">\n\t\t<p><span class=\"wpcf7-form-control-wrap\" data-name=\"your-subject\"><input size=\"40\" class=\"wpcf7-form-control wpcf7-text wpcf7-validates-as-required\" aria-required=\"true\" aria-invalid=\"false\" placeholder=\"Subject\" value=\"\" type=\"text\" name=\"your-subject\" \/><\/span>\n\t\t<\/p>\n\t<\/div>\n\t<div class=\"message-wrap\">\n\t\t<p><span class=\"wpcf7-form-control-wrap\" data-name=\"your-message\"><textarea cols=\"40\" rows=\"10\" class=\"wpcf7-form-control wpcf7-textarea\" aria-invalid=\"false\" placeholder=\"Massage\" name=\"your-message\"><\/textarea><\/span>\n\t\t<\/p>\n\t<\/div>\n\t<div class=\"submit-wrap\">\n\t\t<p><span><input class=\"wpcf7-form-control has-spinner wpcf7-submit\" type=\"submit\" value=\"SOUMETTRE\" \/><\/span>\n\t\t<\/p>\n\t<\/div>\n<\/div><div class=\"wpcf7-response-output\" aria-hidden=\"true\"><\/div>\n<input type=\"hidden\" name=\"trp-form-language\" value=\"fr\"\/><\/form>\n<\/div>\n\n\t\t<\/div>\n\t<\/div><\/div><\/div><\/div><\/div><\/div><\/div>\n\t<div class=\"bauer-spacer clearfix\" data-desktop=\"100\" data-mobi=\"60\" data-smobi=\"60\"><\/div><\/div><\/div><\/div><\/div><\/div><\/section><\/div>","protected":false},"excerpt":{"rendered":"Interior Design Read More Architecture Read More Landscape Design Read More How to contact us If you\u2019ve got questions or ideas you would like to share, send a message. For anything more specific, please use one of the addresses listed below. Our Location 112 W 34th St, New York Find","protected":false},"author":1,"featured_media":0,"parent":0,"menu_order":0,"comment_status":"closed","ping_status":"closed","template":"","meta":[],"_links":{"self":[{"href":"http:\/\/ecc-tunisia.com\/fr\/wp-json\/wp\/v2\/pages\/1326"}],"collection":[{"href":"http:\/\/ecc-tunisia.com\/fr\/wp-json\/wp\/v2\/pages"}],"about":[{"href":"http:\/\/ecc-tunisia.com\/fr\/wp-json\/wp\/v2\/types\/page"}],"author":[{"embeddable":true,"href":"http:\/\/ecc-tunisia.com\/fr\/wp-json\/wp\/v2\/users\/1"}],"replies":[{"embeddable":true,"href":"http:\/\/ecc-tunisia.com\/fr\/wp-json\/wp\/v2\/comments?post=1326"}],"version-history":[{"count":2,"href":"http:\/\/ecc-tunisia.com\/fr\/wp-json\/wp\/v2\/pages\/1326\/revisions"}],"predecessor-version":[{"id":9397,"href":"http:\/\/ecc-tunisia.com\/fr\/wp-json\/wp\/v2\/pages\/1326\/revisions\/9397"}],"wp:attachment":[{"href":"http:\/\/ecc-tunisia.com\/fr\/wp-json\/wp\/v2\/media?parent=1326"}],"curies":[{"name":"wp","href":"https:\/\/api.w.org\/{rel}","templated":true}]}}